{"id":390,"date":"2013-10-22T06:57:32","date_gmt":"2013-10-22T06:57:32","guid":{"rendered":"http:\/\/faceafacemontreal.org\/?page_id=390"},"modified":"2024-09-05T09:44:01","modified_gmt":"2024-09-05T13:44:01","slug":"benevoles","status":"publish","type":"page","link":"https:\/\/faceafacemontreal.org\/fr\/benevoles\/","title":{"rendered":"B\u00e9n\u00e9voles"},"content":{"rendered":"<div   data-size='entry_with_sidebar'  data-lightbox_size='large'  data-animation='slide'  data-conditional_play=''  data-ids='204,205,206'  data-video_counter='0'  data-autoplay='false'  data-bg_slider='false'  data-slide_height=''  data-handle='av_slideshow'  data-interval='3'  data-class=' avia-builder-el-0  el_before_av_textblock  avia-builder-el-first  '  data-el_id=''  data-css_id=''  data-scroll_down=''  data-control_layout=''  data-custom_markup=''  data-perma_caption=''  data-autoplay_stopper=''  data-image_attachment=''  data-min_height='0px'  data-default-height='37.988165680473'  class='avia-slideshow avia-slideshow-1  av-default-height-applied avia-slideshow-entry_with_sidebar av_slideshow  avia-builder-el-0  el_before_av_textblock  avia-builder-el-first   avia-slide-slider '  itemprop=\"image\" itemscope=\"itemscope\" itemtype=\"https:\/\/schema.org\/ImageObject\" ><ul class='avia-slideshow-inner ' style='padding-bottom: 38.028169014085%;' ><li  class=' slide-1 ' ><div data-rel='slideshow-1' class='avia-slide-wrap '   ><img src='https:\/\/faceafacemontreal.org\/wp-content\/uploads\/2013\/10\/keepers-139-710x270.jpg' width='710' height='270' title='keepers 139' alt=''  itemprop=\"thumbnailUrl\"   \/><\/div><\/li><li  class=' slide-2 ' ><div data-rel='slideshow-1' class='avia-slide-wrap '   ><img src='https:\/\/faceafacemontreal.org\/wp-content\/uploads\/2013\/10\/volunteer-and-staff-by-parker-knight-710x270.jpg' width='710' height='270' title='Public Relations Class' alt=''  itemprop=\"thumbnailUrl\"   \/><\/div><\/li><li  class=' slide-3 ' ><div data-rel='slideshow-1' class='avia-slide-wrap '   ><img src='https:\/\/faceafacemontreal.org\/wp-content\/uploads\/2013\/10\/keepers-002-710x270.jpg' width='710' height='270' title='keepers 002' alt=''  itemprop=\"thumbnailUrl\"   \/><\/div><\/li><\/ul><div class='avia-slideshow-arrows avia-slideshow-controls'><a href='#prev' class='prev-slide' aria-hidden='true' data-av_icon='\ue87c' data-av_iconfont='entypo-fontello'>Pr\u00e9c\u00e9dent<\/a><a href='#next' class='next-slide' aria-hidden='true' data-av_icon='\ue87d' data-av_iconfont='entypo-fontello'>Suivant<\/a><\/div><div class='avia-slideshow-dots avia-slideshow-controls'><a href='#1' class='goto-slide active' >1<\/a><a href='#2' class='goto-slide ' >2<\/a><a href='#3' class='goto-slide ' >3<\/a><\/div><\/div>\n<section class=\"av_textblock_section \"  itemscope=\"itemscope\" itemtype=\"https:\/\/schema.org\/CreativeWork\" ><div class='avia_textblock  '   itemprop=\"text\" ><p>Chaque ann\u00e9e, le Centre Face\u00a0\u00e0 Face compte sur plus de 120\u00a0b\u00e9n\u00e9voles qui donnent de leur temps, leur compassion, et mettent leurs comp\u00e9tences au service de la communaut\u00e9 pour qu\u2019elle devienne meilleure, plus forte et plus saine.<\/p>\n<p class=\"p1\"><span class=\"s1\">Faire partie de l\u2019\u00e9quipe de b\u00e9n\u00e9voles \u00e0 Face \u00e0 Face <\/span><span class=\"s2\">apporte<\/span><span class=\"s1\"> :<\/span><\/p>\n<ul>\n<li><strong>l&#8217;opportunit\u00e9 de faire des liens entre les acquis acad\u00e9miques et l\u2019exp\u00e9rience ;<\/strong><\/li>\n<li><strong>des moments de partage des connaissances avec ses coll\u00e8gues et l\u2019\u00e9quipe ;<\/strong><\/li>\n<li><strong>une possibilit\u00e9 de parfaire ou d\u00e9velopper ses habilet\u00e9s en relation d\u2019aide ;<\/strong><\/li>\n<li><strong>des occasions d\u2019intervenir favorablement dans la vie des personnes ;<\/strong><\/li>\n<li><strong>des sessions de formations sur diff\u00e9rents sujets touchant les probl\u00e9matiques en sant\u00e9 mentale et en toxicomanie.<\/strong><\/li>\n<\/ul>\n<p>Les exigences sont les suivantes :<\/p>\n<ul>\n<li>Mandat d\u2019engagement pour minimum une p\u00e9riode de <strong>quatre (4) mois<\/strong>.<\/li>\n<li>Quatre (4) heures minimum de b\u00e9n\u00e9volat par semaine.<\/li>\n<li>Pr\u00e9sence requise lors des sessions de formation.<\/li>\n<li><strong>Parler fran\u00e7ais et anglais.<\/strong><\/li>\n<\/ul>\n<p><strong>Pour postuler<\/strong> en tant que b\u00e9n\u00e9vole, remplissez s&#8217;il vous pla\u00eet le Formulaire ci-dessous.<\/p>\n<\/div><\/section>\n<section class=\"av_textblock_section \"  itemscope=\"itemscope\" itemtype=\"https:\/\/schema.org\/CreativeWork\" ><div class='avia_textblock  '   itemprop=\"text\" ><h5><strong><a href=\"https:\/\/docs.google.com\/forms\/d\/e\/1FAIpQLSe0mBvqxPZsBkZiw0hI_Bqlna15vArOJ1zIp5RoQNDpk5sFOQ\/viewform\"><img loading=\"lazy\" decoding=\"async\" class=\"alignnone wp-image-3097\" src=\"https:\/\/faceafacemontreal.org\/wp-content\/uploads\/2024\/05\/formulaire-de-contact-300x300.png\" alt=\"\" width=\"36\" height=\"36\" srcset=\"https:\/\/faceafacemontreal.org\/wp-content\/uploads\/2024\/05\/formulaire-de-contact-300x300.png 300w, https:\/\/faceafacemontreal.org\/wp-content\/uploads\/2024\/05\/formulaire-de-contact-80x80.png 80w, https:\/\/faceafacemontreal.org\/wp-content\/uploads\/2024\/05\/formulaire-de-contact-36x36.png 36w, https:\/\/faceafacemontreal.org\/wp-content\/uploads\/2024\/05\/formulaire-de-contact-180x180.png 180w, https:\/\/faceafacemontreal.org\/wp-content\/uploads\/2024\/05\/formulaire-de-contact.png 512w\" sizes=\"auto, (max-width: 36px) 100vw, 36px\" \/><\/a><a href=\"https:\/\/docs.google.com\/forms\/d\/e\/1FAIpQLSe0mBvqxPZsBkZiw0hI_Bqlna15vArOJ1zIp5RoQNDpk5sFOQ\/viewform\">Formulaire pour b\u00e9n\u00e9volat<\/a><\/strong><\/h5>\n<p>Si vous avez pr\u00e9c\u00e9demment utilis\u00e9 le formulaire int\u00e9gr\u00e9 \u00e0 ce site web pour soumettre votre application, puis envoy\u00e9 votre C.V \u00e0 coordinator@faceafacemontreal.org : Nous n&#8217;avons pas re\u00e7u votre application. S&#8217;il vous pla\u00eet remplir le GOOGLE FORMS et y int\u00e9grer votre C.V afin d&#8217;\u00eatre contact\u00e9 par notre coordonateur de b\u00e9n\u00e9voles<\/p>\n<\/div><\/section>\n","protected":false},"excerpt":{"rendered":"","protected":false},"author":9,"featured_media":2731,"parent":0,"menu_order":11,"comment_status":"closed","ping_status":"closed","template":"","meta":{"footnotes":""},"class_list":["post-390","page","type-page","status-publish","has-post-thumbnail","hentry"],"yoast_head":"<!-- This site is optimized with the Yoast SEO plugin v26.9 - https:\/\/yoast.com\/product\/yoast-seo-wordpress\/ -->\n<title>B\u00e9n\u00e9voles - Face \u00e0 Face Montreal<\/title>\n<meta name=\"robots\" content=\"index, follow, max-snippet:-1, max-image-preview:large, max-video-preview:-1\" \/>\n<link rel=\"canonical\" href=\"https:\/\/faceafacemontreal.org\/fr\/benevoles\/\" \/>\n<meta property=\"og:locale\" content=\"fr_FR\" \/>\n<meta property=\"og:type\" content=\"article\" \/>\n<meta property=\"og:title\" content=\"B\u00e9n\u00e9voles - Face \u00e0 Face Montreal\" \/>\n<meta property=\"og:url\" content=\"https:\/\/faceafacemontreal.org\/fr\/benevoles\/\" \/>\n<meta property=\"og:site_name\" content=\"Face \u00e0 Face Montreal\" \/>\n<meta property=\"article:modified_time\" content=\"2024-09-05T13:44:01+00:00\" \/>\n<meta property=\"og:image\" content=\"https:\/\/faceafacemontreal.org\/wp-content\/uploads\/2021\/06\/Face-a-Face-32-2.jpg\" \/>\n\t<meta property=\"og:image:width\" content=\"2000\" \/>\n\t<meta property=\"og:image:height\" content=\"1325\" \/>\n\t<meta property=\"og:image:type\" content=\"image\/jpeg\" \/>\n<meta name=\"twitter:label1\" content=\"Dur\u00e9e de lecture estim\u00e9e\" \/>\n\t<meta name=\"twitter:data1\" content=\"2 minutes\" \/>\n<script type=\"application\/ld+json\" class=\"yoast-schema-graph\">{\"@context\":\"https:\/\/schema.org\",\"@graph\":[{\"@type\":\"WebPage\",\"@id\":\"https:\/\/faceafacemontreal.org\/fr\/benevoles\/\",\"url\":\"https:\/\/faceafacemontreal.org\/fr\/benevoles\/\",\"name\":\"B\u00e9n\u00e9voles - Face \u00e0 Face Montreal\",\"isPartOf\":{\"@id\":\"https:\/\/faceafacemontreal.org\/fr\/#website\"},\"primaryImageOfPage\":{\"@id\":\"https:\/\/faceafacemontreal.org\/fr\/benevoles\/#primaryimage\"},\"image\":{\"@id\":\"https:\/\/faceafacemontreal.org\/fr\/benevoles\/#primaryimage\"},\"thumbnailUrl\":\"https:\/\/faceafacemontreal.org\/wp-content\/uploads\/2021\/06\/Face-a-Face-32-2.jpg\",\"datePublished\":\"2013-10-22T06:57:32+00:00\",\"dateModified\":\"2024-09-05T13:44:01+00:00\",\"breadcrumb\":{\"@id\":\"https:\/\/faceafacemontreal.org\/fr\/benevoles\/#breadcrumb\"},\"inLanguage\":\"fr-FR\",\"potentialAction\":[{\"@type\":\"ReadAction\",\"target\":[\"https:\/\/faceafacemontreal.org\/fr\/benevoles\/\"]}]},{\"@type\":\"ImageObject\",\"inLanguage\":\"fr-FR\",\"@id\":\"https:\/\/faceafacemontreal.org\/fr\/benevoles\/#primaryimage\",\"url\":\"https:\/\/faceafacemontreal.org\/wp-content\/uploads\/2021\/06\/Face-a-Face-32-2.jpg\",\"contentUrl\":\"https:\/\/faceafacemontreal.org\/wp-content\/uploads\/2021\/06\/Face-a-Face-32-2.jpg\",\"width\":2000,\"height\":1325,\"caption\":\"Face a Face\"},{\"@type\":\"BreadcrumbList\",\"@id\":\"https:\/\/faceafacemontreal.org\/fr\/benevoles\/#breadcrumb\",\"itemListElement\":[{\"@type\":\"ListItem\",\"position\":1,\"name\":\"Home\",\"item\":\"https:\/\/faceafacemontreal.org\/fr\/accueil\/\"},{\"@type\":\"ListItem\",\"position\":2,\"name\":\"B\u00e9n\u00e9voles\"}]},{\"@type\":\"WebSite\",\"@id\":\"https:\/\/faceafacemontreal.org\/fr\/#website\",\"url\":\"https:\/\/faceafacemontreal.org\/fr\/\",\"name\":\"Face \u00e0 Face Montreal\",\"description\":\"Centre d\u2019\u00e9coute et d\u2019intervention\",\"potentialAction\":[{\"@type\":\"SearchAction\",\"target\":{\"@type\":\"EntryPoint\",\"urlTemplate\":\"https:\/\/faceafacemontreal.org\/fr\/?s={search_term_string}\"},\"query-input\":{\"@type\":\"PropertyValueSpecification\",\"valueRequired\":true,\"valueName\":\"search_term_string\"}}],\"inLanguage\":\"fr-FR\"}]}<\/script>\n<!-- \/ Yoast SEO plugin. -->","yoast_head_json":{"title":"B\u00e9n\u00e9voles - Face \u00e0 Face Montreal","robots":{"index":"index","follow":"follow","max-snippet":"max-snippet:-1","max-image-preview":"max-image-preview:large","max-video-preview":"max-video-preview:-1"},"canonical":"https:\/\/faceafacemontreal.org\/fr\/benevoles\/","og_locale":"fr_FR","og_type":"article","og_title":"B\u00e9n\u00e9voles - Face \u00e0 Face Montreal","og_url":"https:\/\/faceafacemontreal.org\/fr\/benevoles\/","og_site_name":"Face \u00e0 Face Montreal","article_modified_time":"2024-09-05T13:44:01+00:00","og_image":[{"width":2000,"height":1325,"url":"https:\/\/faceafacemontreal.org\/wp-content\/uploads\/2021\/06\/Face-a-Face-32-2.jpg","type":"image\/jpeg"}],"twitter_misc":{"Dur\u00e9e de lecture estim\u00e9e":"2 minutes"},"schema":{"@context":"https:\/\/schema.org","@graph":[{"@type":"WebPage","@id":"https:\/\/faceafacemontreal.org\/fr\/benevoles\/","url":"https:\/\/faceafacemontreal.org\/fr\/benevoles\/","name":"B\u00e9n\u00e9voles - Face \u00e0 Face Montreal","isPartOf":{"@id":"https:\/\/faceafacemontreal.org\/fr\/#website"},"primaryImageOfPage":{"@id":"https:\/\/faceafacemontreal.org\/fr\/benevoles\/#primaryimage"},"image":{"@id":"https:\/\/faceafacemontreal.org\/fr\/benevoles\/#primaryimage"},"thumbnailUrl":"https:\/\/faceafacemontreal.org\/wp-content\/uploads\/2021\/06\/Face-a-Face-32-2.jpg","datePublished":"2013-10-22T06:57:32+00:00","dateModified":"2024-09-05T13:44:01+00:00","breadcrumb":{"@id":"https:\/\/faceafacemontreal.org\/fr\/benevoles\/#breadcrumb"},"inLanguage":"fr-FR","potentialAction":[{"@type":"ReadAction","target":["https:\/\/faceafacemontreal.org\/fr\/benevoles\/"]}]},{"@type":"ImageObject","inLanguage":"fr-FR","@id":"https:\/\/faceafacemontreal.org\/fr\/benevoles\/#primaryimage","url":"https:\/\/faceafacemontreal.org\/wp-content\/uploads\/2021\/06\/Face-a-Face-32-2.jpg","contentUrl":"https:\/\/faceafacemontreal.org\/wp-content\/uploads\/2021\/06\/Face-a-Face-32-2.jpg","width":2000,"height":1325,"caption":"Face a Face"},{"@type":"BreadcrumbList","@id":"https:\/\/faceafacemontreal.org\/fr\/benevoles\/#breadcrumb","itemListElement":[{"@type":"ListItem","position":1,"name":"Home","item":"https:\/\/faceafacemontreal.org\/fr\/accueil\/"},{"@type":"ListItem","position":2,"name":"B\u00e9n\u00e9voles"}]},{"@type":"WebSite","@id":"https:\/\/faceafacemontreal.org\/fr\/#website","url":"https:\/\/faceafacemontreal.org\/fr\/","name":"Face \u00e0 Face Montreal","description":"Centre d\u2019\u00e9coute et d\u2019intervention","potentialAction":[{"@type":"SearchAction","target":{"@type":"EntryPoint","urlTemplate":"https:\/\/faceafacemontreal.org\/fr\/?s={search_term_string}"},"query-input":{"@type":"PropertyValueSpecification","valueRequired":true,"valueName":"search_term_string"}}],"inLanguage":"fr-FR"}]}},"_links":{"self":[{"href":"https:\/\/faceafacemontreal.org\/fr\/wp-json\/wp\/v2\/pages\/390","targetHints":{"allow":["GET"]}}],"collection":[{"href":"https:\/\/faceafacemontreal.org\/fr\/wp-json\/wp\/v2\/pages"}],"about":[{"href":"https:\/\/faceafacemontreal.org\/fr\/wp-json\/wp\/v2\/types\/page"}],"author":[{"embeddable":true,"href":"https:\/\/faceafacemontreal.org\/fr\/wp-json\/wp\/v2\/users\/9"}],"replies":[{"embeddable":true,"href":"https:\/\/faceafacemontreal.org\/fr\/wp-json\/wp\/v2\/comments?post=390"}],"version-history":[{"count":29,"href":"https:\/\/faceafacemontreal.org\/fr\/wp-json\/wp\/v2\/pages\/390\/revisions"}],"predecessor-version":[{"id":3267,"href":"https:\/\/faceafacemontreal.org\/fr\/wp-json\/wp\/v2\/pages\/390\/revisions\/3267"}],"wp:featuredmedia":[{"embeddable":true,"href":"https:\/\/faceafacemontreal.org\/fr\/wp-json\/wp\/v2\/media\/2731"}],"wp:attachment":[{"href":"https:\/\/faceafacemontreal.org\/fr\/wp-json\/wp\/v2\/media?parent=390"}],"curies":[{"name":"wp","href":"https:\/\/api.w.org\/{rel}","templated":true}]}}