{"id":348,"date":"2014-04-18T21:47:33","date_gmt":"2014-04-19T01:47:33","guid":{"rendered":"http:\/\/faceafacemontreal.org\/?page_id=348"},"modified":"2021-07-02T15:01:35","modified_gmt":"2021-07-02T19:01:35","slug":"photos","status":"publish","type":"page","link":"https:\/\/faceafacemontreal.org\/fr\/photos\/","title":{"rendered":"Photos"},"content":{"rendered":"\n<p><\/p>\n\n\n<div  id=\"av-sc-portfolio-1\"  class=' grid-sort-container isotope   no_margin-container with-excerpt-container grid-total-even grid-col-3 grid-links-' data-portfolio-id='1'><div data-ajax-id='2782' class=' grid-entry flex_column isotope-item all_sort no_margin post-entry post-entry-2782 grid-entry-overview grid-loop-1 grid-parity-odd  photos-fr-2_sort  av_one_third first default_av_fullwidth '><article class='main_color inner-entry'  itemscope=\"itemscope\" itemtype=\"https:\/\/schema.org\/CreativeWork\" ><a href='https:\/\/faceafacemontreal.org\/fr\/portfolio-item\/face-a-face-2021\/' title='Face A Face 2021'  data-rel='grid-1' class='grid-image avia-hover-fx'><img loading=\"lazy\" decoding=\"async\" width=\"495\" height=\"400\" src=\"https:\/\/faceafacemontreal.org\/wp-content\/uploads\/2021\/06\/Face-a-Face-41-1-495x400.jpg\" class=\"attachment-portfolio size-portfolio wp-post-image\" alt=\"\" srcset=\"https:\/\/faceafacemontreal.org\/wp-content\/uploads\/2021\/06\/Face-a-Face-41-1-495x400.jpg 495w, https:\/\/faceafacemontreal.org\/wp-content\/uploads\/2021\/06\/Face-a-Face-41-1-845x684.jpg 845w\" sizes=\"auto, (max-width: 495px) 100vw, 495px\" \/><\/a><div class='grid-content'><div class='avia-arrow'><\/div><header class=\"entry-content-header\"><h3 class='grid-entry-title entry-title '  itemprop=\"headline\" ><a href='https:\/\/faceafacemontreal.org\/fr\/portfolio-item\/face-a-face-2021\/' title='Face A Face 2021'>Face A Face 2021<\/a><\/h3><\/header><\/div><footer class=\"entry-footer\"><\/footer><\/article><\/div><div data-ajax-id='1391' class=' grid-entry flex_column isotope-item all_sort no_margin post-entry post-entry-1391 grid-entry-overview grid-loop-2 grid-parity-even  photos-fr_sort photos-fr-2_sort  av_one_third  default_av_fullwidth '><article class='main_color inner-entry'  itemscope=\"itemscope\" itemtype=\"https:\/\/schema.org\/CreativeWork\" ><a href='https:\/\/faceafacemontreal.org\/fr\/portfolio-item\/gala-benefice-annuel-2016\/' title='Gala b\u00e9n\u00e9fice annuel 2016'  data-rel='grid-1' class='grid-image avia-hover-fx'><img loading=\"lazy\" decoding=\"async\" width=\"495\" height=\"400\" src=\"https:\/\/faceafacemontreal.org\/wp-content\/uploads\/2016\/11\/Gala_feat-495x400.jpg\" class=\"attachment-portfolio size-portfolio wp-post-image\" alt=\"\" srcset=\"https:\/\/faceafacemontreal.org\/wp-content\/uploads\/2016\/11\/Gala_feat-495x400.jpg 495w, https:\/\/faceafacemontreal.org\/wp-content\/uploads\/2016\/11\/Gala_feat-845x684.jpg 845w\" sizes=\"auto, (max-width: 495px) 100vw, 495px\" \/><\/a><div class='grid-content'><div class='avia-arrow'><\/div><header class=\"entry-content-header\"><h3 class='grid-entry-title entry-title '  itemprop=\"headline\" ><a href='https:\/\/faceafacemontreal.org\/fr\/portfolio-item\/gala-benefice-annuel-2016\/' title='Gala b\u00e9n\u00e9fice annuel 2016'>Gala b\u00e9n\u00e9fice annuel 2016<\/a><\/h3><\/header><\/div><footer class=\"entry-footer\"><\/footer><\/article><\/div><div data-ajax-id='788' class=' grid-entry flex_column isotope-item all_sort no_margin post-entry post-entry-788 grid-entry-overview grid-loop-3 grid-parity-odd  photos-fr-2_sort  av_one_third  default_av_fullwidth '><article class='main_color inner-entry'  itemscope=\"itemscope\" itemtype=\"https:\/\/schema.org\/CreativeWork\" ><a href='https:\/\/faceafacemontreal.org\/fr\/portfolio-item\/street-photos\/' title='Photos de rue'  data-rel='grid-1' class='grid-image avia-hover-fx'><img loading=\"lazy\" decoding=\"async\" width=\"495\" height=\"400\" src=\"https:\/\/faceafacemontreal.org\/wp-content\/uploads\/2013\/10\/keepers-051-495x400.jpg\" class=\"attachment-portfolio size-portfolio wp-post-image\" alt=\"\" srcset=\"https:\/\/faceafacemontreal.org\/wp-content\/uploads\/2013\/10\/keepers-051-495x400.jpg 495w, https:\/\/faceafacemontreal.org\/wp-content\/uploads\/2013\/10\/keepers-051-710x575.jpg 710w\" sizes=\"auto, (max-width: 495px) 100vw, 495px\" \/><\/a><div class='grid-content'><div class='avia-arrow'><\/div><header class=\"entry-content-header\"><h3 class='grid-entry-title entry-title '  itemprop=\"headline\" ><a href='https:\/\/faceafacemontreal.org\/fr\/portfolio-item\/street-photos\/' title='Photos de rue'>Photos de rue<\/a><\/h3><\/header><\/div><footer class=\"entry-footer\"><\/footer><\/article><\/div><div data-ajax-id='787' class=' grid-entry flex_column isotope-item all_sort no_margin post-entry post-entry-787 grid-entry-overview grid-loop-4 grid-parity-even  post-entry-last  photos-fr-2_sort  av_one_third first default_av_fullwidth '><article class='main_color inner-entry'  itemscope=\"itemscope\" itemtype=\"https:\/\/schema.org\/CreativeWork\" ><a href='https:\/\/faceafacemontreal.org\/fr\/portfolio-item\/all-photos\/' title='Toutes les photos'  data-rel='grid-1' class='grid-image avia-hover-fx'><img loading=\"lazy\" decoding=\"async\" width=\"495\" height=\"400\" src=\"https:\/\/faceafacemontreal.org\/wp-content\/uploads\/2014\/04\/10582884_453109398164066_1635390934295791785_o-495x400.jpg\" class=\"attachment-portfolio size-portfolio wp-post-image\" alt=\"\" srcset=\"https:\/\/faceafacemontreal.org\/wp-content\/uploads\/2014\/04\/10582884_453109398164066_1635390934295791785_o-495x400.jpg 495w, https:\/\/faceafacemontreal.org\/wp-content\/uploads\/2014\/04\/10582884_453109398164066_1635390934295791785_o-710x575.jpg 710w\" sizes=\"auto, (max-width: 495px) 100vw, 495px\" \/><\/a><div class='grid-content'><div class='avia-arrow'><\/div><header class=\"entry-content-header\"><h3 class='grid-entry-title entry-title '  itemprop=\"headline\" ><a href='https:\/\/faceafacemontreal.org\/fr\/portfolio-item\/all-photos\/' title='Toutes les photos'>Toutes les photos<\/a><\/h3><\/header><\/div><footer class=\"entry-footer\"><\/footer><\/article><\/div><\/div><div class='pagination-wrap  '><nav class='pagination'><span class='pagination-meta'>Page 1 sur 0<\/span><\/nav>\n<\/div>\n","protected":false},"excerpt":{"rendered":"","protected":false},"author":9,"featured_media":2749,"parent":0,"menu_order":9,"comment_status":"closed","ping_status":"closed","template":"","meta":{"footnotes":""},"class_list":["post-348","page","type-page","status-publish","has-post-thumbnail","hentry"],"yoast_head":"<!-- This site is optimized with the Yoast SEO plugin v26.9 - https:\/\/yoast.com\/product\/yoast-seo-wordpress\/ -->\n<title>Photos - Face \u00e0 Face Montreal<\/title>\n<meta name=\"robots\" content=\"index, follow, max-snippet:-1, max-image-preview:large, max-video-preview:-1\" \/>\n<link rel=\"canonical\" href=\"https:\/\/faceafacemontreal.org\/fr\/photos\/\" \/>\n<meta property=\"og:locale\" content=\"fr_FR\" \/>\n<meta property=\"og:type\" content=\"article\" \/>\n<meta property=\"og:title\" content=\"Photos - Face \u00e0 Face Montreal\" \/>\n<meta property=\"og:url\" content=\"https:\/\/faceafacemontreal.org\/fr\/photos\/\" \/>\n<meta property=\"og:site_name\" content=\"Face \u00e0 Face Montreal\" \/>\n<meta property=\"article:modified_time\" content=\"2021-07-02T19:01:35+00:00\" \/>\n<meta property=\"og:image\" content=\"https:\/\/faceafacemontreal.org\/wp-content\/uploads\/2021\/06\/Face-a-Face-41-1.jpg\" \/>\n\t<meta property=\"og:image:width\" content=\"2000\" \/>\n\t<meta property=\"og:image:height\" content=\"1325\" \/>\n\t<meta property=\"og:image:type\" content=\"image\/jpeg\" \/>\n<script type=\"application\/ld+json\" class=\"yoast-schema-graph\">{\"@context\":\"https:\/\/schema.org\",\"@graph\":[{\"@type\":\"WebPage\",\"@id\":\"https:\/\/faceafacemontreal.org\/fr\/photos\/\",\"url\":\"https:\/\/faceafacemontreal.org\/fr\/photos\/\",\"name\":\"Photos - Face \u00e0 Face Montreal\",\"isPartOf\":{\"@id\":\"https:\/\/faceafacemontreal.org\/fr\/#website\"},\"primaryImageOfPage\":{\"@id\":\"https:\/\/faceafacemontreal.org\/fr\/photos\/#primaryimage\"},\"image\":{\"@id\":\"https:\/\/faceafacemontreal.org\/fr\/photos\/#primaryimage\"},\"thumbnailUrl\":\"https:\/\/faceafacemontreal.org\/wp-content\/uploads\/2021\/06\/Face-a-Face-41-1.jpg\",\"datePublished\":\"2014-04-19T01:47:33+00:00\",\"dateModified\":\"2021-07-02T19:01:35+00:00\",\"breadcrumb\":{\"@id\":\"https:\/\/faceafacemontreal.org\/fr\/photos\/#breadcrumb\"},\"inLanguage\":\"fr-FR\",\"potentialAction\":[{\"@type\":\"ReadAction\",\"target\":[\"https:\/\/faceafacemontreal.org\/fr\/photos\/\"]}]},{\"@type\":\"ImageObject\",\"inLanguage\":\"fr-FR\",\"@id\":\"https:\/\/faceafacemontreal.org\/fr\/photos\/#primaryimage\",\"url\":\"https:\/\/faceafacemontreal.org\/wp-content\/uploads\/2021\/06\/Face-a-Face-41-1.jpg\",\"contentUrl\":\"https:\/\/faceafacemontreal.org\/wp-content\/uploads\/2021\/06\/Face-a-Face-41-1.jpg\",\"width\":2000,\"height\":1325,\"caption\":\"Face a Face\"},{\"@type\":\"BreadcrumbList\",\"@id\":\"https:\/\/faceafacemontreal.org\/fr\/photos\/#breadcrumb\",\"itemListElement\":[{\"@type\":\"ListItem\",\"position\":1,\"name\":\"Home\",\"item\":\"https:\/\/faceafacemontreal.org\/fr\/accueil\/\"},{\"@type\":\"ListItem\",\"position\":2,\"name\":\"Photos\"}]},{\"@type\":\"WebSite\",\"@id\":\"https:\/\/faceafacemontreal.org\/fr\/#website\",\"url\":\"https:\/\/faceafacemontreal.org\/fr\/\",\"name\":\"Face \u00e0 Face Montreal\",\"description\":\"Centre d\u2019\u00e9coute et d\u2019intervention\",\"potentialAction\":[{\"@type\":\"SearchAction\",\"target\":{\"@type\":\"EntryPoint\",\"urlTemplate\":\"https:\/\/faceafacemontreal.org\/fr\/?s={search_term_string}\"},\"query-input\":{\"@type\":\"PropertyValueSpecification\",\"valueRequired\":true,\"valueName\":\"search_term_string\"}}],\"inLanguage\":\"fr-FR\"}]}<\/script>\n<!-- \/ Yoast SEO plugin. -->","yoast_head_json":{"title":"Photos - Face \u00e0 Face Montreal","robots":{"index":"index","follow":"follow","max-snippet":"max-snippet:-1","max-image-preview":"max-image-preview:large","max-video-preview":"max-video-preview:-1"},"canonical":"https:\/\/faceafacemontreal.org\/fr\/photos\/","og_locale":"fr_FR","og_type":"article","og_title":"Photos - Face \u00e0 Face Montreal","og_url":"https:\/\/faceafacemontreal.org\/fr\/photos\/","og_site_name":"Face \u00e0 Face Montreal","article_modified_time":"2021-07-02T19:01:35+00:00","og_image":[{"width":2000,"height":1325,"url":"https:\/\/faceafacemontreal.org\/wp-content\/uploads\/2021\/06\/Face-a-Face-41-1.jpg","type":"image\/jpeg"}],"schema":{"@context":"https:\/\/schema.org","@graph":[{"@type":"WebPage","@id":"https:\/\/faceafacemontreal.org\/fr\/photos\/","url":"https:\/\/faceafacemontreal.org\/fr\/photos\/","name":"Photos - Face \u00e0 Face Montreal","isPartOf":{"@id":"https:\/\/faceafacemontreal.org\/fr\/#website"},"primaryImageOfPage":{"@id":"https:\/\/faceafacemontreal.org\/fr\/photos\/#primaryimage"},"image":{"@id":"https:\/\/faceafacemontreal.org\/fr\/photos\/#primaryimage"},"thumbnailUrl":"https:\/\/faceafacemontreal.org\/wp-content\/uploads\/2021\/06\/Face-a-Face-41-1.jpg","datePublished":"2014-04-19T01:47:33+00:00","dateModified":"2021-07-02T19:01:35+00:00","breadcrumb":{"@id":"https:\/\/faceafacemontreal.org\/fr\/photos\/#breadcrumb"},"inLanguage":"fr-FR","potentialAction":[{"@type":"ReadAction","target":["https:\/\/faceafacemontreal.org\/fr\/photos\/"]}]},{"@type":"ImageObject","inLanguage":"fr-FR","@id":"https:\/\/faceafacemontreal.org\/fr\/photos\/#primaryimage","url":"https:\/\/faceafacemontreal.org\/wp-content\/uploads\/2021\/06\/Face-a-Face-41-1.jpg","contentUrl":"https:\/\/faceafacemontreal.org\/wp-content\/uploads\/2021\/06\/Face-a-Face-41-1.jpg","width":2000,"height":1325,"caption":"Face a Face"},{"@type":"BreadcrumbList","@id":"https:\/\/faceafacemontreal.org\/fr\/photos\/#breadcrumb","itemListElement":[{"@type":"ListItem","position":1,"name":"Home","item":"https:\/\/faceafacemontreal.org\/fr\/accueil\/"},{"@type":"ListItem","position":2,"name":"Photos"}]},{"@type":"WebSite","@id":"https:\/\/faceafacemontreal.org\/fr\/#website","url":"https:\/\/faceafacemontreal.org\/fr\/","name":"Face \u00e0 Face Montreal","description":"Centre d\u2019\u00e9coute et d\u2019intervention","potentialAction":[{"@type":"SearchAction","target":{"@type":"EntryPoint","urlTemplate":"https:\/\/faceafacemontreal.org\/fr\/?s={search_term_string}"},"query-input":{"@type":"PropertyValueSpecification","valueRequired":true,"valueName":"search_term_string"}}],"inLanguage":"fr-FR"}]}},"_links":{"self":[{"href":"https:\/\/faceafacemontreal.org\/fr\/wp-json\/wp\/v2\/pages\/348","targetHints":{"allow":["GET"]}}],"collection":[{"href":"https:\/\/faceafacemontreal.org\/fr\/wp-json\/wp\/v2\/pages"}],"about":[{"href":"https:\/\/faceafacemontreal.org\/fr\/wp-json\/wp\/v2\/types\/page"}],"author":[{"embeddable":true,"href":"https:\/\/faceafacemontreal.org\/fr\/wp-json\/wp\/v2\/users\/9"}],"replies":[{"embeddable":true,"href":"https:\/\/faceafacemontreal.org\/fr\/wp-json\/wp\/v2\/comments?post=348"}],"version-history":[{"count":25,"href":"https:\/\/faceafacemontreal.org\/fr\/wp-json\/wp\/v2\/pages\/348\/revisions"}],"predecessor-version":[{"id":2774,"href":"https:\/\/faceafacemontreal.org\/fr\/wp-json\/wp\/v2\/pages\/348\/revisions\/2774"}],"wp:featuredmedia":[{"embeddable":true,"href":"https:\/\/faceafacemontreal.org\/fr\/wp-json\/wp\/v2\/media\/2749"}],"wp:attachment":[{"href":"https:\/\/faceafacemontreal.org\/fr\/wp-json\/wp\/v2\/media?parent=348"}],"curies":[{"name":"wp","href":"https:\/\/api.w.org\/{rel}","templated":true}]}}