{"id":3117,"date":"2024-05-16T08:49:42","date_gmt":"2024-05-16T12:49:42","guid":{"rendered":"https:\/\/faceafacemontreal.org\/ressources-supplementaires\/"},"modified":"2024-05-16T20:58:27","modified_gmt":"2024-05-17T00:58:27","slug":"ressources-supplementaires","status":"publish","type":"page","link":"https:\/\/faceafacemontreal.org\/fr\/ressources-supplementaires\/","title":{"rendered":"Ressources suppl\u00e9mentaires"},"content":{"rendered":"<section class=\"av_textblock_section \"  itemscope=\"itemscope\" itemtype=\"https:\/\/schema.org\/CreativeWork\" ><div class='avia_textblock  '  style='font-size:16px; '  itemprop=\"text\" ><div dir=\"ltr\">\n<div dir=\"ltr\">\n<div class=\"gmail_default\">\n<div class=\"gmail_default\">\n<div>Voici une vari\u00e9t\u00e9 de ressources que vous pouvez consulter pour vous aider davantage:<\/div>\n<div><\/div>\n<\/div>\n<\/div>\n<\/div>\n<\/div>\n<\/div><\/section>\n<div   data-autoplay='false'  data-interval='5'  data-animation='slide'  class='avia-logo-element-container  avia-logo-slider avia-content-slider avia-smallarrow-slider avia-content-slider-active noHover avia-content-slider1 avia-content-slider-odd  avia-builder-el-1  el_after_av_textblock  el_before_av_textblock  ' ><div class='avia-smallarrow-slider-heading '><div class='new-special-heading'><h3 class=''>211<\/h3><\/div><\/div><div class='avia-content-slider-inner'><div class='slide-entry-wrap' ><div data-avia-tooltip=\"211\" class='slide-entry flex_column no_margin post-entry slide-entry-overview slide-loop-1 slide-parity-odd  post-entry-last  av_one_third first real-thumbnail'><a href='https:\/\/www.211qc.ca\/' data-rel='slide-1' class='slide-image' title=''  ><span class='av-partner-fake-img' style='padding-bottom:20.665499124343%; background-image:url(https:\/\/faceafacemontreal.org\/wp-content\/uploads\/2024\/05\/logo3.png);'><\/span><\/a><\/div><\/div><\/div><\/div>\n<section class=\"av_textblock_section \"  itemscope=\"itemscope\" itemtype=\"https:\/\/schema.org\/CreativeWork\" ><div class='avia_textblock  '   itemprop=\"text\" ><div dir=\"ltr\">\n<div dir=\"ltr\">\n<div class=\"gmail_default\">\n<div class=\"gmail_default\">\n<div>\n<blockquote>\n<div dir=\"ltr\">\n<div dir=\"ltr\">\n<div class=\"gmail_default\">\n<div class=\"gmail_default\">Le site 211 est un merveilleux atout \u00e0 consulter puisqu&#8217;il contient de l&#8217;information sur une multitude de ressources qui existent dans la communaut\u00e9 montr\u00e9alaise. Vous pouvez aller sur leur site web pour rechercher des ressources sp\u00e9cifiques \u00e0 votre situation:<\/div>\n<\/div>\n<\/div>\n<\/div>\n<\/blockquote>\n<\/div>\n<div><\/div>\n<\/div>\n<\/div>\n<\/div>\n<\/div>\n<\/div><\/section>\n<div   data-autoplay='false'  data-interval='5'  data-animation='slide'  class='avia-logo-element-container  avia-logo-slider avia-content-slider avia-smallarrow-slider avia-content-slider-active noHover avia-content-slider2 avia-content-slider-odd  avia-builder-el-3  el_after_av_textblock  el_before_av_partner  ' ><div class='avia-smallarrow-slider-heading '><div class='new-special-heading'><h3 class=''>Lignes d\u2019\u00e9coutes<\/h3><\/div><\/div><div class='avia-content-slider-inner'><div class='slide-entry-wrap' ><div data-avia-tooltip=\"CENTRE D\u2019\u00c9COUTE ET DE R\u00c9F\u00c9RENCE HALTE AMI\" class='slide-entry flex_column no_margin post-entry slide-entry-overview slide-loop-1 slide-parity-odd  av_one_fifth first real-thumbnail'><a href='https:\/\/halte-ami.ca\/' data-rel='slide-2' class='slide-image' title=''  ><span class='av-partner-fake-img' style='padding-bottom:45.412844036697%; background-image:url(https:\/\/faceafacemontreal.org\/wp-content\/uploads\/2024\/05\/\u622a\u5c4f2024-05-16-15.01.59.png);'><\/span><\/a><\/div><div data-avia-tooltip=\"RELIEF - THE PATH OF MENTAL HEALTH\" class='slide-entry flex_column no_margin post-entry slide-entry-overview slide-loop-2 slide-parity-even  av_one_fifth  real-thumbnail'><a href='https:\/\/relief.ca\/home' data-rel='slide-2' class='slide-image' title=''  ><span class='av-partner-fake-img' style='padding-bottom:45.412844036697%; background-image:url(https:\/\/faceafacemontreal.org\/wp-content\/uploads\/2024\/05\/500x500_logo_relief-_2x.png);'><\/span><\/a><\/div><div data-avia-tooltip=\"CENTRE D\u2019\u00c9COUTE LE HAVRE\" class='slide-entry flex_column no_margin post-entry slide-entry-overview slide-loop-3 slide-parity-odd  av_one_fifth  real-thumbnail'><a href='https:\/\/centredecoutelehavre.org\/' data-rel='slide-2' class='slide-image' title=''  ><span class='av-partner-fake-img' style='padding-bottom:45.412844036697%; background-image:url(https:\/\/faceafacemontreal.org\/wp-content\/uploads\/2024\/05\/700X120.png);'><\/span><\/a><\/div><div data-avia-tooltip=\"CENTRE D\u2019\u00c9COUTE ET DE R\u00c9F\u00c9RENCE MULTI-\u00c9COUTE\" class='slide-entry flex_column no_margin post-entry slide-entry-overview slide-loop-4 slide-parity-even  post-entry-last  av_one_fifth  real-thumbnail'><a href='https:\/\/multiecoute.org\/' data-rel='slide-2' class='slide-image' title=''  ><span class='av-partner-fake-img' style='padding-bottom:45.412844036697%; background-image:url(https:\/\/faceafacemontreal.org\/wp-content\/uploads\/2024\/05\/cropped-logo-01.png);'><\/span><\/a><\/div><\/div><\/div><\/div>\n<div   data-autoplay='false'  data-interval='5'  data-animation='slide'  class='avia-logo-element-container  avia-logo-slider avia-content-slider avia-smallarrow-slider avia-content-slider-active noHover avia-content-slider3 avia-content-slider-odd  avia-builder-el-4  el_after_av_partner  el_before_av_partner  ' ><div class='avia-smallarrow-slider-heading '><div class='new-special-heading'><h3 class=''>Les cliniques d\u2019imp\u00f4ts<\/h3><\/div><\/div><div class='avia-content-slider-inner'><div class='slide-entry-wrap' ><div data-avia-tooltip=\"LES MAINS DU QUARTIER\" class='slide-entry flex_column no_margin post-entry slide-entry-overview slide-loop-1 slide-parity-odd  av_one_fifth first real-thumbnail'><a href='https:\/\/lesmainsduquartier.ca\/' data-rel='slide-3' class='slide-image' title=''  ><span class='av-partner-fake-img' style='padding-bottom:119.5219123506%; background-image:url(https:\/\/faceafacemontreal.org\/wp-content\/uploads\/2024\/05\/cropped-LMQ_FOODBANK__TITRE_ORIG-251x300-1.png);'><\/span><\/a><\/div><div data-avia-tooltip=\"AFRIQUE AU F\u00c9MININ\" class='slide-entry flex_column no_margin post-entry slide-entry-overview slide-loop-2 slide-parity-even  av_one_fifth  real-thumbnail'><a href='https:\/\/www.afriqueaufeminin.org\/' data-rel='slide-3' class='slide-image' title=''  ><span class='av-partner-fake-img' style='padding-bottom:119.5219123506%; background-image:url(https:\/\/faceafacemontreal.org\/wp-content\/uploads\/2024\/05\/Afrique_au_feminin_2017_b-04.png);'><\/span><\/a><\/div><div data-avia-tooltip=\"CEDA\" class='slide-entry flex_column no_margin post-entry slide-entry-overview slide-loop-3 slide-parity-odd  post-entry-last  av_one_fifth  real-thumbnail'><a href='https:\/\/cedamtl.org\/' data-rel='slide-3' class='slide-image' title=''  ><span class='av-partner-fake-img' style='padding-bottom:119.5219123506%; background-image:url(https:\/\/faceafacemontreal.org\/wp-content\/uploads\/2024\/05\/\u622a\u5c4f2024-05-16-14.56.36.png);'><\/span><\/a><\/div><\/div><\/div><\/div>\n<div   data-autoplay='false'  data-interval='5'  data-animation='slide'  class='avia-logo-element-container  avia-logo-slider avia-content-slider avia-smallarrow-slider avia-content-slider-active noHover avia-content-slider4 avia-content-slider-odd  avia-builder-el-5  el_after_av_partner  avia-builder-el-last  ' ><div class='avia-smallarrow-slider-heading '><div class='new-special-heading'><h3 class=''>Recherche d\u2019emploi <\/h3><\/div><\/div><div class='avia-content-slider-inner'><div class='slide-entry-wrap' ><div  class='slide-entry flex_column no_margin post-entry slide-entry-overview slide-loop-1 slide-parity-odd  av_one_fifth first real-thumbnail'><a href='https:\/\/www.cremcv.com\/' data-rel='slide-4' class='slide-image' title=''  ><span class='av-partner-fake-img' style='padding-bottom:53.846153846154%; background-image:url(https:\/\/faceafacemontreal.org\/wp-content\/uploads\/2024\/05\/REMCV.jpeg);'><\/span><\/a><\/div><div  class='slide-entry flex_column no_margin post-entry slide-entry-overview slide-loop-2 slide-parity-even  post-entry-last  av_one_fifth  real-thumbnail'><a href='https:\/\/opj.ca\/' data-rel='slide-4' class='slide-image' title=''  ><span class='av-partner-fake-img' style='padding-bottom:53.846153846154%; background-image:url(https:\/\/faceafacemontreal.org\/wp-content\/uploads\/2024\/05\/OPJ.png);'><\/span><\/a><\/div><\/div><\/div><\/div>\n","protected":false},"excerpt":{"rendered":"","protected":false},"author":20,"featured_media":0,"parent":0,"menu_order":0,"comment_status":"closed","ping_status":"closed","template":"","meta":{"footnotes":""},"class_list":["post-3117","page","type-page","status-publish","hentry"],"yoast_head":"<!-- This site is optimized with the Yoast SEO plugin v26.9 - https:\/\/yoast.com\/product\/yoast-seo-wordpress\/ -->\n<title>Ressources suppl\u00e9mentaires - Face \u00e0 Face Montreal<\/title>\n<meta name=\"robots\" content=\"index, follow, max-snippet:-1, max-image-preview:large, max-video-preview:-1\" \/>\n<link rel=\"canonical\" href=\"https:\/\/faceafacemontreal.org\/fr\/ressources-supplementaires\/\" \/>\n<meta property=\"og:locale\" content=\"fr_FR\" \/>\n<meta property=\"og:type\" content=\"article\" \/>\n<meta property=\"og:title\" content=\"Ressources suppl\u00e9mentaires - Face \u00e0 Face Montreal\" \/>\n<meta property=\"og:url\" content=\"https:\/\/faceafacemontreal.org\/fr\/ressources-supplementaires\/\" \/>\n<meta property=\"og:site_name\" content=\"Face \u00e0 Face Montreal\" \/>\n<meta property=\"article:modified_time\" content=\"2024-05-17T00:58:27+00:00\" \/>\n<meta name=\"twitter:label1\" content=\"Dur\u00e9e de lecture estim\u00e9e\" \/>\n\t<meta name=\"twitter:data1\" content=\"1 minute\" \/>\n<script type=\"application\/ld+json\" class=\"yoast-schema-graph\">{\"@context\":\"https:\/\/schema.org\",\"@graph\":[{\"@type\":\"WebPage\",\"@id\":\"https:\/\/faceafacemontreal.org\/fr\/ressources-supplementaires\/\",\"url\":\"https:\/\/faceafacemontreal.org\/fr\/ressources-supplementaires\/\",\"name\":\"Ressources suppl\u00e9mentaires - Face \u00e0 Face Montreal\",\"isPartOf\":{\"@id\":\"https:\/\/faceafacemontreal.org\/fr\/#website\"},\"datePublished\":\"2024-05-16T12:49:42+00:00\",\"dateModified\":\"2024-05-17T00:58:27+00:00\",\"breadcrumb\":{\"@id\":\"https:\/\/faceafacemontreal.org\/fr\/ressources-supplementaires\/#breadcrumb\"},\"inLanguage\":\"fr-FR\",\"potentialAction\":[{\"@type\":\"ReadAction\",\"target\":[\"https:\/\/faceafacemontreal.org\/fr\/ressources-supplementaires\/\"]}]},{\"@type\":\"BreadcrumbList\",\"@id\":\"https:\/\/faceafacemontreal.org\/fr\/ressources-supplementaires\/#breadcrumb\",\"itemListElement\":[{\"@type\":\"ListItem\",\"position\":1,\"name\":\"Home\",\"item\":\"https:\/\/faceafacemontreal.org\/fr\/accueil\/\"},{\"@type\":\"ListItem\",\"position\":2,\"name\":\"Ressources suppl\u00e9mentaires\"}]},{\"@type\":\"WebSite\",\"@id\":\"https:\/\/faceafacemontreal.org\/fr\/#website\",\"url\":\"https:\/\/faceafacemontreal.org\/fr\/\",\"name\":\"Face \u00e0 Face Montreal\",\"description\":\"Centre d\u2019\u00e9coute et d\u2019intervention\",\"potentialAction\":[{\"@type\":\"SearchAction\",\"target\":{\"@type\":\"EntryPoint\",\"urlTemplate\":\"https:\/\/faceafacemontreal.org\/fr\/?s={search_term_string}\"},\"query-input\":{\"@type\":\"PropertyValueSpecification\",\"valueRequired\":true,\"valueName\":\"search_term_string\"}}],\"inLanguage\":\"fr-FR\"}]}<\/script>\n<!-- \/ Yoast SEO plugin. -->","yoast_head_json":{"title":"Ressources suppl\u00e9mentaires - Face \u00e0 Face Montreal","robots":{"index":"index","follow":"follow","max-snippet":"max-snippet:-1","max-image-preview":"max-image-preview:large","max-video-preview":"max-video-preview:-1"},"canonical":"https:\/\/faceafacemontreal.org\/fr\/ressources-supplementaires\/","og_locale":"fr_FR","og_type":"article","og_title":"Ressources suppl\u00e9mentaires - Face \u00e0 Face Montreal","og_url":"https:\/\/faceafacemontreal.org\/fr\/ressources-supplementaires\/","og_site_name":"Face \u00e0 Face Montreal","article_modified_time":"2024-05-17T00:58:27+00:00","twitter_misc":{"Dur\u00e9e de lecture estim\u00e9e":"1 minute"},"schema":{"@context":"https:\/\/schema.org","@graph":[{"@type":"WebPage","@id":"https:\/\/faceafacemontreal.org\/fr\/ressources-supplementaires\/","url":"https:\/\/faceafacemontreal.org\/fr\/ressources-supplementaires\/","name":"Ressources suppl\u00e9mentaires - Face \u00e0 Face Montreal","isPartOf":{"@id":"https:\/\/faceafacemontreal.org\/fr\/#website"},"datePublished":"2024-05-16T12:49:42+00:00","dateModified":"2024-05-17T00:58:27+00:00","breadcrumb":{"@id":"https:\/\/faceafacemontreal.org\/fr\/ressources-supplementaires\/#breadcrumb"},"inLanguage":"fr-FR","potentialAction":[{"@type":"ReadAction","target":["https:\/\/faceafacemontreal.org\/fr\/ressources-supplementaires\/"]}]},{"@type":"BreadcrumbList","@id":"https:\/\/faceafacemontreal.org\/fr\/ressources-supplementaires\/#breadcrumb","itemListElement":[{"@type":"ListItem","position":1,"name":"Home","item":"https:\/\/faceafacemontreal.org\/fr\/accueil\/"},{"@type":"ListItem","position":2,"name":"Ressources suppl\u00e9mentaires"}]},{"@type":"WebSite","@id":"https:\/\/faceafacemontreal.org\/fr\/#website","url":"https:\/\/faceafacemontreal.org\/fr\/","name":"Face \u00e0 Face Montreal","description":"Centre d\u2019\u00e9coute et d\u2019intervention","potentialAction":[{"@type":"SearchAction","target":{"@type":"EntryPoint","urlTemplate":"https:\/\/faceafacemontreal.org\/fr\/?s={search_term_string}"},"query-input":{"@type":"PropertyValueSpecification","valueRequired":true,"valueName":"search_term_string"}}],"inLanguage":"fr-FR"}]}},"_links":{"self":[{"href":"https:\/\/faceafacemontreal.org\/fr\/wp-json\/wp\/v2\/pages\/3117","targetHints":{"allow":["GET"]}}],"collection":[{"href":"https:\/\/faceafacemontreal.org\/fr\/wp-json\/wp\/v2\/pages"}],"about":[{"href":"https:\/\/faceafacemontreal.org\/fr\/wp-json\/wp\/v2\/types\/page"}],"author":[{"embeddable":true,"href":"https:\/\/faceafacemontreal.org\/fr\/wp-json\/wp\/v2\/users\/20"}],"replies":[{"embeddable":true,"href":"https:\/\/faceafacemontreal.org\/fr\/wp-json\/wp\/v2\/comments?post=3117"}],"version-history":[{"count":3,"href":"https:\/\/faceafacemontreal.org\/fr\/wp-json\/wp\/v2\/pages\/3117\/revisions"}],"predecessor-version":[{"id":3170,"href":"https:\/\/faceafacemontreal.org\/fr\/wp-json\/wp\/v2\/pages\/3117\/revisions\/3170"}],"wp:attachment":[{"href":"https:\/\/faceafacemontreal.org\/fr\/wp-json\/wp\/v2\/media?parent=3117"}],"curies":[{"name":"wp","href":"https:\/\/api.w.org\/{rel}","templated":true}]}}