{"id":3015,"date":"2024-05-15T22:36:28","date_gmt":"2024-05-16T02:36:28","guid":{"rendered":"https:\/\/faceafacemontreal.org\/services\/"},"modified":"2024-05-17T04:20:40","modified_gmt":"2024-05-17T08:20:40","slug":"services","status":"publish","type":"page","link":"https:\/\/faceafacemontreal.org\/fr\/services\/","title":{"rendered":"Services"},"content":{"rendered":"<div class=\"flex_column av_one_full  flex_column_div av-zero-column-padding first  avia-builder-el-0  el_before_av_hr  avia-builder-el-first  \" style='background: #ffffff; background-color:#ffffff; border-radius:0px; '><div  class='avia-image-container  av-styling- av-hover-grow noHover  av-overlay-hover-deactivate   avia-builder-el-1  avia-builder-el-no-sibling  avia-align-center '  itemprop=\"image\" itemscope=\"itemscope\" itemtype=\"https:\/\/schema.org\/ImageObject\"  ><div class='avia-image-container-inner'><div class='avia-image-overlay-wrap'><div class='av-image-caption-overlay'><div class='av-caption-image-overlay-bg' style='opacity:0.1; background-color:#dd6142; '><\/div><div class='av-image-caption-overlay-position'><div class='av-image-caption-overlay-center' style='color:#ffffff; font-size:25px; '><\/div><\/div><\/div><img class='avia_image' src='https:\/\/faceafacemontreal.org\/wp-content\/uploads\/2024\/05\/Face-a-Face-5-495x400.jpg' alt='' title='Face a Face' height=\"400\" width=\"495\"  itemprop=\"thumbnailUrl\"  \/><\/div><\/div><\/div><\/div><div   class='hr hr-default   avia-builder-el-2  el_after_av_one_full  el_before_av_blog '><span class='hr-inner ' ><span class='hr-inner-style'><\/span><\/span><\/div><\/p>\n<div   data-autoplay=''  data-interval='5'  data-animation='fade'  data-show_slide_delay='90'  class='avia-content-slider avia-content-grid-active avia-content-slider1 avia-content-slider-even  avia-builder-el-3  el_after_av_hr  avia-builder-el-last  '  itemscope=\"itemscope\" itemtype=\"https:\/\/schema.org\/Blog\" ><div class='avia-content-slider-inner'><div class='slide-entry-wrap'><article class='slide-entry flex_column  post-entry post-entry-290 slide-entry-overview slide-loop-1 slide-parity-odd  av_one_fourth first real-thumbnail'  itemscope=\"itemscope\" itemtype=\"https:\/\/schema.org\/CreativeWork\" ><a href='https:\/\/faceafacemontreal.org\/fr\/centre-decoute-et-de-reference\/' data-rel='slide-1' class='slide-image' title='Ligne d&#8217;\u00e9coute et de r\u00e9f\u00e9rence'><img loading=\"lazy\" decoding=\"async\" width=\"260\" height=\"185\" src=\"https:\/\/faceafacemontreal.org\/wp-content\/uploads\/2021\/06\/Face-a-Face-36-1-260x185.jpg\" class=\"attachment-portfolio_small size-portfolio_small wp-post-image\" alt=\"\" \/><\/a><div class='slide-content'><header class=\"entry-content-header\"><h3 class='slide-entry-title entry-title '  itemprop=\"headline\" ><a href='https:\/\/faceafacemontreal.org\/fr\/centre-decoute-et-de-reference\/' title='Ligne d&#8217;\u00e9coute et de r\u00e9f\u00e9rence'>Ligne d&#8217;\u00e9coute et de r\u00e9f\u00e9rence<\/a><\/h3><span class=\"av-vertical-delimiter\"><\/span><\/header><\/div><footer class=\"entry-footer\"><\/footer><span class='hidden'>\n\t\t\t\t<span class='av-structured-data'  itemprop=\"image\" itemscope=\"itemscope\" itemtype=\"https:\/\/schema.org\/ImageObject\" >\n\t\t\t\t\t\t<span itemprop='url'>https:\/\/faceafacemontreal.org\/wp-content\/uploads\/2021\/06\/Face-a-Face-36-1.jpg<\/span>\n\t\t\t\t\t\t<span itemprop='height'>1325<\/span>\n\t\t\t\t\t\t<span itemprop='width'>2000<\/span>\n\t\t\t\t<\/span>\n\t\t\t\t<span class='av-structured-data'  itemprop=\"publisher\" itemtype=\"https:\/\/schema.org\/Organization\" itemscope=\"itemscope\" >\n\t\t\t\t\t\t<span itemprop='name'>Commun -IT<\/span>\n\t\t\t\t\t\t<span itemprop='logo' itemscope itemtype='https:\/\/schema.org\/ImageObject'>\n\t\t\t\t\t\t\t<span itemprop='url'>https:\/\/faceafacemontreal.org\/wp-content\/uploads\/2022\/10\/cropped-Screen-Shot-2022-10-18-at-11.26.07-300x300.png<\/span>\n\t\t\t\t\t\t <\/span>\n\t\t\t\t<\/span><span class='av-structured-data'  itemprop=\"author\" itemscope=\"itemscope\" itemtype=\"https:\/\/schema.org\/Person\" ><span itemprop='name'>Commun -IT<\/span><\/span><span class='av-structured-data'  itemprop=\"datePublished\" datetime=\"2024-05-15T22:36:28-04:00\" >2014-03-30 11:21:46<\/span><span class='av-structured-data'  itemprop=\"dateModified\" itemtype=\"https:\/\/schema.org\/dateModified\" >2021-07-14 13:55:58<\/span><span class='av-structured-data'  itemprop=\"mainEntityOfPage\" itemtype=\"https:\/\/schema.org\/mainEntityOfPage\" ><span itemprop='name'>Ligne d&#8217;\u00e9coute et de r\u00e9f\u00e9rence<\/span><\/span><\/span><\/article><article class='slide-entry flex_column  post-entry post-entry-287 slide-entry-overview slide-loop-2 slide-parity-even  av_one_fourth  real-thumbnail'  itemscope=\"itemscope\" itemtype=\"https:\/\/schema.org\/CreativeWork\" ><a href='https:\/\/faceafacemontreal.org\/fr\/service-de-counseling\/' data-rel='slide-1' class='slide-image' title='Service de Counseling'><img loading=\"lazy\" decoding=\"async\" width=\"260\" height=\"185\" src=\"https:\/\/faceafacemontreal.org\/wp-content\/uploads\/2021\/06\/Face-a-Face-13-260x185.jpg\" class=\"attachment-portfolio_small size-portfolio_small wp-post-image\" alt=\"\" \/><\/a><div class='slide-content'><header class=\"entry-content-header\"><h3 class='slide-entry-title entry-title '  itemprop=\"headline\" ><a href='https:\/\/faceafacemontreal.org\/fr\/service-de-counseling\/' title='Service de Counseling'>Service de Counseling<\/a><\/h3><span class=\"av-vertical-delimiter\"><\/span><\/header><\/div><footer class=\"entry-footer\"><\/footer><span class='hidden'>\n\t\t\t\t<span class='av-structured-data'  itemprop=\"image\" itemscope=\"itemscope\" itemtype=\"https:\/\/schema.org\/ImageObject\" >\n\t\t\t\t\t\t<span itemprop='url'>https:\/\/faceafacemontreal.org\/wp-content\/uploads\/2021\/06\/Face-a-Face-13.jpg<\/span>\n\t\t\t\t\t\t<span itemprop='height'>1325<\/span>\n\t\t\t\t\t\t<span itemprop='width'>2000<\/span>\n\t\t\t\t<\/span>\n\t\t\t\t<span class='av-structured-data'  itemprop=\"publisher\" itemtype=\"https:\/\/schema.org\/Organization\" itemscope=\"itemscope\" >\n\t\t\t\t\t\t<span itemprop='name'>Commun -IT<\/span>\n\t\t\t\t\t\t<span itemprop='logo' itemscope itemtype='https:\/\/schema.org\/ImageObject'>\n\t\t\t\t\t\t\t<span itemprop='url'>https:\/\/faceafacemontreal.org\/wp-content\/uploads\/2022\/10\/cropped-Screen-Shot-2022-10-18-at-11.26.07-300x300.png<\/span>\n\t\t\t\t\t\t <\/span>\n\t\t\t\t<\/span><span class='av-structured-data'  itemprop=\"author\" itemscope=\"itemscope\" itemtype=\"https:\/\/schema.org\/Person\" ><span itemprop='name'>Commun -IT<\/span><\/span><span class='av-structured-data'  itemprop=\"datePublished\" datetime=\"2024-05-15T22:36:28-04:00\" >2014-03-30 11:19:10<\/span><span class='av-structured-data'  itemprop=\"dateModified\" itemtype=\"https:\/\/schema.org\/dateModified\" >2022-10-18 10:56:15<\/span><span class='av-structured-data'  itemprop=\"mainEntityOfPage\" itemtype=\"https:\/\/schema.org\/mainEntityOfPage\" ><span itemprop='name'>Service de Counseling<\/span><\/span><\/span><\/article><article class='slide-entry flex_column  post-entry post-entry-282 slide-entry-overview slide-loop-3 slide-parity-odd  av_one_fourth  real-thumbnail'  itemscope=\"itemscope\" itemtype=\"https:\/\/schema.org\/CreativeWork\" ><a href='https:\/\/faceafacemontreal.org\/fr\/aide-sociale-pour-les-sans-abri\/' data-rel='slide-1' class='slide-image' title='Aide Sociale Pour Les Sans-abri'><img loading=\"lazy\" decoding=\"async\" width=\"260\" height=\"185\" src=\"https:\/\/faceafacemontreal.org\/wp-content\/uploads\/2013\/10\/IMG_F919FE07A035-1-260x185.jpeg\" class=\"attachment-portfolio_small size-portfolio_small wp-post-image\" alt=\"\" \/><\/a><div class='slide-content'><header class=\"entry-content-header\"><h3 class='slide-entry-title entry-title '  itemprop=\"headline\" ><a href='https:\/\/faceafacemontreal.org\/fr\/aide-sociale-pour-les-sans-abri\/' title='Aide Sociale Pour Les Sans-abri'>Aide Sociale Pour Les Sans-abri<\/a><\/h3><span class=\"av-vertical-delimiter\"><\/span><\/header><\/div><footer class=\"entry-footer\"><\/footer><span class='hidden'>\n\t\t\t\t<span class='av-structured-data'  itemprop=\"image\" itemscope=\"itemscope\" itemtype=\"https:\/\/schema.org\/ImageObject\" >\n\t\t\t\t\t\t<span itemprop='url'>https:\/\/faceafacemontreal.org\/wp-content\/uploads\/2013\/10\/IMG_F919FE07A035-1.jpeg<\/span>\n\t\t\t\t\t\t<span itemprop='height'>1325<\/span>\n\t\t\t\t\t\t<span itemprop='width'>2000<\/span>\n\t\t\t\t<\/span>\n\t\t\t\t<span class='av-structured-data'  itemprop=\"publisher\" itemtype=\"https:\/\/schema.org\/Organization\" itemscope=\"itemscope\" >\n\t\t\t\t\t\t<span itemprop='name'>Commun -IT<\/span>\n\t\t\t\t\t\t<span itemprop='logo' itemscope itemtype='https:\/\/schema.org\/ImageObject'>\n\t\t\t\t\t\t\t<span itemprop='url'>https:\/\/faceafacemontreal.org\/wp-content\/uploads\/2022\/10\/cropped-Screen-Shot-2022-10-18-at-11.26.07-300x300.png<\/span>\n\t\t\t\t\t\t <\/span>\n\t\t\t\t<\/span><span class='av-structured-data'  itemprop=\"author\" itemscope=\"itemscope\" itemtype=\"https:\/\/schema.org\/Person\" ><span itemprop='name'>Commun -IT<\/span><\/span><span class='av-structured-data'  itemprop=\"datePublished\" datetime=\"2024-05-15T22:36:28-04:00\" >2014-03-30 10:41:57<\/span><span class='av-structured-data'  itemprop=\"dateModified\" itemtype=\"https:\/\/schema.org\/dateModified\" >2024-05-16 00:08:56<\/span><span class='av-structured-data'  itemprop=\"mainEntityOfPage\" itemtype=\"https:\/\/schema.org\/mainEntityOfPage\" ><span itemprop='name'>Aide Sociale Pour Les Sans-abri<\/span><\/span><\/span><\/article><article class='slide-entry flex_column  post-entry post-entry-3042 slide-entry-overview slide-loop-4 slide-parity-even  post-entry-last  av_one_fourth  real-thumbnail'  itemscope=\"itemscope\" itemtype=\"https:\/\/schema.org\/CreativeWork\" ><a href='https:\/\/faceafacemontreal.org\/fr\/logement-et-accompagnement-2\/' data-rel='slide-1' class='slide-image' title='Logement et Accompagnement'><img loading=\"lazy\" decoding=\"async\" width=\"260\" height=\"185\" src=\"https:\/\/faceafacemontreal.org\/wp-content\/uploads\/2013\/10\/keepers-059-260x185.jpg\" class=\"attachment-portfolio_small size-portfolio_small wp-post-image\" alt=\"\" \/><\/a><div class='slide-content'><header class=\"entry-content-header\"><h3 class='slide-entry-title entry-title '  itemprop=\"headline\" ><a href='https:\/\/faceafacemontreal.org\/fr\/logement-et-accompagnement-2\/' title='Logement et Accompagnement'>Logement et Accompagnement<\/a><\/h3><span class=\"av-vertical-delimiter\"><\/span><\/header><\/div><footer class=\"entry-footer\"><\/footer><span class='hidden'>\n\t\t\t\t<span class='av-structured-data'  itemprop=\"image\" itemscope=\"itemscope\" itemtype=\"https:\/\/schema.org\/ImageObject\" >\n\t\t\t\t\t\t<span itemprop='url'>https:\/\/faceafacemontreal.org\/wp-content\/uploads\/2013\/10\/keepers-059.jpg<\/span>\n\t\t\t\t\t\t<span itemprop='height'>3456<\/span>\n\t\t\t\t\t\t<span itemprop='width'>2304<\/span>\n\t\t\t\t<\/span>\n\t\t\t\t<span class='av-structured-data'  itemprop=\"publisher\" itemtype=\"https:\/\/schema.org\/Organization\" itemscope=\"itemscope\" >\n\t\t\t\t\t\t<span itemprop='name'>Erika Morris<\/span>\n\t\t\t\t\t\t<span itemprop='logo' itemscope itemtype='https:\/\/schema.org\/ImageObject'>\n\t\t\t\t\t\t\t<span itemprop='url'>https:\/\/faceafacemontreal.org\/wp-content\/uploads\/2022\/10\/cropped-Screen-Shot-2022-10-18-at-11.26.07-300x300.png<\/span>\n\t\t\t\t\t\t <\/span>\n\t\t\t\t<\/span><span class='av-structured-data'  itemprop=\"author\" itemscope=\"itemscope\" itemtype=\"https:\/\/schema.org\/Person\" ><span itemprop='name'>Erika Morris<\/span><\/span><span class='av-structured-data'  itemprop=\"datePublished\" datetime=\"2024-05-15T22:36:28-04:00\" >2014-03-16 00:29:49<\/span><span class='av-structured-data'  itemprop=\"dateModified\" itemtype=\"https:\/\/schema.org\/dateModified\" >2024-05-16 00:51:13<\/span><span class='av-structured-data'  itemprop=\"mainEntityOfPage\" itemtype=\"https:\/\/schema.org\/mainEntityOfPage\" ><span itemprop='name'>Logement et Accompagnement<\/span><\/span><\/span><\/article><\/div><\/div><\/div>\n","protected":false},"excerpt":{"rendered":"","protected":false},"author":20,"featured_media":0,"parent":0,"menu_order":21,"comment_status":"closed","ping_status":"closed","template":"","meta":{"footnotes":""},"class_list":["post-3015","page","type-page","status-publish","hentry"],"yoast_head":"<!-- This site is optimized with the Yoast SEO plugin v26.9 - https:\/\/yoast.com\/product\/yoast-seo-wordpress\/ -->\n<title>Services - Face \u00e0 Face Montreal<\/title>\n<meta name=\"robots\" content=\"index, follow, max-snippet:-1, max-image-preview:large, max-video-preview:-1\" \/>\n<link rel=\"canonical\" href=\"https:\/\/faceafacemontreal.org\/fr\/services\/\" \/>\n<meta property=\"og:locale\" content=\"fr_FR\" \/>\n<meta property=\"og:type\" content=\"article\" \/>\n<meta property=\"og:title\" content=\"Services - Face \u00e0 Face Montreal\" \/>\n<meta property=\"og:url\" content=\"https:\/\/faceafacemontreal.org\/fr\/services\/\" \/>\n<meta property=\"og:site_name\" content=\"Face \u00e0 Face Montreal\" \/>\n<meta property=\"article:modified_time\" content=\"2024-05-17T08:20:40+00:00\" \/>\n<meta name=\"twitter:label1\" content=\"Dur\u00e9e de lecture estim\u00e9e\" \/>\n\t<meta name=\"twitter:data1\" content=\"1 minute\" \/>\n<script type=\"application\/ld+json\" class=\"yoast-schema-graph\">{\"@context\":\"https:\/\/schema.org\",\"@graph\":[{\"@type\":\"WebPage\",\"@id\":\"https:\/\/faceafacemontreal.org\/fr\/services\/\",\"url\":\"https:\/\/faceafacemontreal.org\/fr\/services\/\",\"name\":\"Services - Face \u00e0 Face Montreal\",\"isPartOf\":{\"@id\":\"https:\/\/faceafacemontreal.org\/fr\/#website\"},\"datePublished\":\"2024-05-16T02:36:28+00:00\",\"dateModified\":\"2024-05-17T08:20:40+00:00\",\"breadcrumb\":{\"@id\":\"https:\/\/faceafacemontreal.org\/fr\/services\/#breadcrumb\"},\"inLanguage\":\"fr-FR\",\"potentialAction\":[{\"@type\":\"ReadAction\",\"target\":[\"https:\/\/faceafacemontreal.org\/fr\/services\/\"]}]},{\"@type\":\"BreadcrumbList\",\"@id\":\"https:\/\/faceafacemontreal.org\/fr\/services\/#breadcrumb\",\"itemListElement\":[{\"@type\":\"ListItem\",\"position\":1,\"name\":\"Home\",\"item\":\"https:\/\/faceafacemontreal.org\/fr\/accueil\/\"},{\"@type\":\"ListItem\",\"position\":2,\"name\":\"Services\"}]},{\"@type\":\"WebSite\",\"@id\":\"https:\/\/faceafacemontreal.org\/fr\/#website\",\"url\":\"https:\/\/faceafacemontreal.org\/fr\/\",\"name\":\"Face \u00e0 Face Montreal\",\"description\":\"Centre d\u2019\u00e9coute et d\u2019intervention\",\"potentialAction\":[{\"@type\":\"SearchAction\",\"target\":{\"@type\":\"EntryPoint\",\"urlTemplate\":\"https:\/\/faceafacemontreal.org\/fr\/?s={search_term_string}\"},\"query-input\":{\"@type\":\"PropertyValueSpecification\",\"valueRequired\":true,\"valueName\":\"search_term_string\"}}],\"inLanguage\":\"fr-FR\"}]}<\/script>\n<!-- \/ Yoast SEO plugin. -->","yoast_head_json":{"title":"Services - Face \u00e0 Face Montreal","robots":{"index":"index","follow":"follow","max-snippet":"max-snippet:-1","max-image-preview":"max-image-preview:large","max-video-preview":"max-video-preview:-1"},"canonical":"https:\/\/faceafacemontreal.org\/fr\/services\/","og_locale":"fr_FR","og_type":"article","og_title":"Services - Face \u00e0 Face Montreal","og_url":"https:\/\/faceafacemontreal.org\/fr\/services\/","og_site_name":"Face \u00e0 Face Montreal","article_modified_time":"2024-05-17T08:20:40+00:00","twitter_misc":{"Dur\u00e9e de lecture estim\u00e9e":"1 minute"},"schema":{"@context":"https:\/\/schema.org","@graph":[{"@type":"WebPage","@id":"https:\/\/faceafacemontreal.org\/fr\/services\/","url":"https:\/\/faceafacemontreal.org\/fr\/services\/","name":"Services - Face \u00e0 Face Montreal","isPartOf":{"@id":"https:\/\/faceafacemontreal.org\/fr\/#website"},"datePublished":"2024-05-16T02:36:28+00:00","dateModified":"2024-05-17T08:20:40+00:00","breadcrumb":{"@id":"https:\/\/faceafacemontreal.org\/fr\/services\/#breadcrumb"},"inLanguage":"fr-FR","potentialAction":[{"@type":"ReadAction","target":["https:\/\/faceafacemontreal.org\/fr\/services\/"]}]},{"@type":"BreadcrumbList","@id":"https:\/\/faceafacemontreal.org\/fr\/services\/#breadcrumb","itemListElement":[{"@type":"ListItem","position":1,"name":"Home","item":"https:\/\/faceafacemontreal.org\/fr\/accueil\/"},{"@type":"ListItem","position":2,"name":"Services"}]},{"@type":"WebSite","@id":"https:\/\/faceafacemontreal.org\/fr\/#website","url":"https:\/\/faceafacemontreal.org\/fr\/","name":"Face \u00e0 Face Montreal","description":"Centre d\u2019\u00e9coute et d\u2019intervention","potentialAction":[{"@type":"SearchAction","target":{"@type":"EntryPoint","urlTemplate":"https:\/\/faceafacemontreal.org\/fr\/?s={search_term_string}"},"query-input":{"@type":"PropertyValueSpecification","valueRequired":true,"valueName":"search_term_string"}}],"inLanguage":"fr-FR"}]}},"_links":{"self":[{"href":"https:\/\/faceafacemontreal.org\/fr\/wp-json\/wp\/v2\/pages\/3015","targetHints":{"allow":["GET"]}}],"collection":[{"href":"https:\/\/faceafacemontreal.org\/fr\/wp-json\/wp\/v2\/pages"}],"about":[{"href":"https:\/\/faceafacemontreal.org\/fr\/wp-json\/wp\/v2\/types\/page"}],"author":[{"embeddable":true,"href":"https:\/\/faceafacemontreal.org\/fr\/wp-json\/wp\/v2\/users\/20"}],"replies":[{"embeddable":true,"href":"https:\/\/faceafacemontreal.org\/fr\/wp-json\/wp\/v2\/comments?post=3015"}],"version-history":[{"count":3,"href":"https:\/\/faceafacemontreal.org\/fr\/wp-json\/wp\/v2\/pages\/3015\/revisions"}],"predecessor-version":[{"id":3225,"href":"https:\/\/faceafacemontreal.org\/fr\/wp-json\/wp\/v2\/pages\/3015\/revisions\/3225"}],"wp:attachment":[{"href":"https:\/\/faceafacemontreal.org\/fr\/wp-json\/wp\/v2\/media?parent=3015"}],"curies":[{"name":"wp","href":"https:\/\/api.w.org\/{rel}","templated":true}]}}