{"id":296,"date":"2014-03-30T11:33:11","date_gmt":"2014-03-30T15:33:11","guid":{"rendered":"http:\/\/faceafacemontreal.org\/?page_id=296"},"modified":"2024-05-16T21:42:37","modified_gmt":"2024-05-17T01:42:37","slug":"mission-2","status":"publish","type":"page","link":"https:\/\/faceafacemontreal.org\/fr\/mission-2\/","title":{"rendered":"Mission"},"content":{"rendered":"<div  style='padding-bottom:10px; ' class='av-special-heading av-special-heading-h3    avia-builder-el-0  el_before_av_textblock  avia-builder-el-first  '><h3 class='av-special-heading-tag '  itemprop=\"headline\"  >Histoire<\/h3><div class='special-heading-border'><div class='special-heading-inner-border' ><\/div><\/div><\/div>\n<section class=\"av_textblock_section \"  itemscope=\"itemscope\" itemtype=\"https:\/\/schema.org\/CreativeWork\" ><div class='avia_textblock  '   itemprop=\"text\" ><p>Au service de la communaut\u00e9 depuis 1982, le Centre d\u2019\u00e9coute et d\u2019intervention FACE \u00c0 FACE est un organisme communautaire \u00e0 but non lucratif dont la mission est de venir en aide aux personnes dans le besoin.<\/p>\n<p>Notre engagement en faveur de la justice sociale et notre approche communautaire de la r\u00e9solution de probl\u00e8mes nous permettent d\u2019offrir des services imm\u00e9diats et de premi\u00e8re ligne. Gr\u00e2ce \u00e0 des partenariats humanistes, nous \u0153uvrons \u00e0 construire une communaut\u00e9 plus forte et en meilleure sant\u00e9\u00a0o\u00f9 chacun se sentira en s\u00e9curit\u00e9, respect\u00e9, int\u00e9gr\u00e9 et habilit\u00e9 \u00e0 perfectionner ses comp\u00e9tences en vue de r\u00e9aliser son plein potentiel.<\/p>\n<\/div><\/section>\n<div   class='hr hr-default   avia-builder-el-2  el_after_av_textblock  el_before_av_textblock '><span class='hr-inner ' ><span class='hr-inner-style'><\/span><\/span><\/div>\n<section class=\"av_textblock_section \"  itemscope=\"itemscope\" itemtype=\"https:\/\/schema.org\/CreativeWork\" ><div class='avia_textblock  '   itemprop=\"text\" ><blockquote>\n<p>Toute personne \u00e0 besoin qu\u2019on l\u2019\u00e9coute, qu\u2019on lui donne de l\u2019espoir et qu\u2019on lui propose des choix.<\/p>\n<\/blockquote>\n<\/div><\/section>\n<div  style='padding-bottom:10px; ' class='av-special-heading av-special-heading-h3    avia-builder-el-4  el_after_av_textblock  el_before_av_textblock  '><h3 class='av-special-heading-tag '  itemprop=\"headline\"  >Valeurs Fondamentales<\/h3><div class='special-heading-border'><div class='special-heading-inner-border' ><\/div><\/div><\/div>\n<section class=\"av_textblock_section \"  itemscope=\"itemscope\" itemtype=\"https:\/\/schema.org\/CreativeWork\" ><div class='avia_textblock  '   itemprop=\"text\" ><ul>\n<li><strong><em>\u00c9coute et compassion<\/em><\/strong>\u00a0 : nous croyons que chaque personne compte et m\u00e9rite d\u2019\u00eatre entendue sans \u00eatre jug\u00e9e.<\/li>\n<li><strong><em>Inclusion<\/em><\/strong>\u00a0 : nous soutenons le droit de toutes les personnes d\u2019appartenir \u00e0 un groupe, d\u2019\u00eatre accept\u00e9es et d\u2019avoir l\u2019occasion de participer de fa\u00e7on \u00e9gale \u00e0 la vie communautaire.<\/li>\n<li><strong><em>Responsabilisation<\/em><\/strong>\u00a0: nous croyons qu\u2019il est important de stimuler la capacit\u00e9 de chaque personne \u00e0 prendre des d\u00e9cisions et \u00e0 adopter des comportements qui lui permettront d\u2019\u00eatre autonome et de prendre soin d\u2019elle-m\u00eame.<\/li>\n<li><strong><em>\u00c9quit\u00e9<\/em><\/strong>\u00a0: nous croyons en la n\u00e9cessit\u00e9 d\u2019\u00eatre juste pour tous et \u00e0 la distribution \u00e9quitable de la richesse et des ressources.<\/li>\n<li><strong><em>Int\u00e9grit\u00e9<\/em><\/strong>\u00a0: nous croyons que nous devons faire preuve de transparence dans notre gouvernance, et pour ce qui est de la prestation de nos services et de nos interactions avec les autres.<\/li>\n<li><strong><em>Collaboration et partenariat<\/em><\/strong>\u00a0: nous croyons en l\u2019importance de collaborer avec les b\u00e9n\u00e9voles, les professionnels et les membres de diverses communaut\u00e9s.<\/li>\n<\/ul>\n<\/div><\/section>\n<div   class='hr hr-default   avia-builder-el-6  el_after_av_textblock  el_before_av_video '><span class='hr-inner ' ><span class='hr-inner-style'><\/span><\/span><\/div>\n<div  class='avia-video avia-video-16-9   av-lazyload-immediate  av-lazyload-video-embed  '   itemprop=\"video\" itemtype=\"https:\/\/schema.org\/VideoObject\"  data-original_url='https:\/\/www.youtube.com\/watch?v=AA7P1FcDBlg' ><script type='text\/html' class='av-video-tmpl'><div class='avia-iframe-wrap'><iframe loading=\"lazy\" title=\"Face \u00e0 Face Montr\u00e9al\" width=\"1500\" height=\"844\" src=\"https:\/\/www.youtube.com\/embed\/AA7P1FcDBlg?feature=oembed&autoplay=0&loop=0&controls=1&mute=0\" frameborder=\"0\" allow=\"accelerometer; autoplay; clipboard-write; encrypted-media; gyroscope; picture-in-picture; web-share\" referrerpolicy=\"strict-origin-when-cross-origin\" allowfullscreen><\/iframe><\/div><\/script><div class='av-click-to-play-overlay'><div class=\"avia_playpause_icon\"><\/div><\/div><\/div>\n<div   class='hr hr-default   avia-builder-el-8  el_after_av_video  avia-builder-el-last '><span class='hr-inner ' ><span class='hr-inner-style'><\/span><\/span><\/div>\n","protected":false},"excerpt":{"rendered":"","protected":false},"author":9,"featured_media":0,"parent":0,"menu_order":22,"comment_status":"closed","ping_status":"closed","template":"","meta":{"footnotes":""},"class_list":["post-296","page","type-page","status-publish","hentry"],"yoast_head":"<!-- This site is optimized with the Yoast SEO plugin v26.9 - https:\/\/yoast.com\/product\/yoast-seo-wordpress\/ -->\n<title>Mission - Face \u00e0 Face Montreal<\/title>\n<meta name=\"robots\" content=\"index, follow, max-snippet:-1, max-image-preview:large, max-video-preview:-1\" \/>\n<link rel=\"canonical\" href=\"https:\/\/faceafacemontreal.org\/fr\/mission-2\/\" \/>\n<meta property=\"og:locale\" content=\"fr_FR\" \/>\n<meta property=\"og:type\" content=\"article\" \/>\n<meta property=\"og:title\" content=\"Mission - Face \u00e0 Face Montreal\" \/>\n<meta property=\"og:url\" content=\"https:\/\/faceafacemontreal.org\/fr\/mission-2\/\" \/>\n<meta property=\"og:site_name\" content=\"Face \u00e0 Face Montreal\" \/>\n<meta property=\"article:modified_time\" content=\"2024-05-17T01:42:37+00:00\" \/>\n<meta name=\"twitter:label1\" content=\"Dur\u00e9e de lecture estim\u00e9e\" \/>\n\t<meta name=\"twitter:data1\" content=\"2 minutes\" \/>\n<script type=\"application\/ld+json\" class=\"yoast-schema-graph\">{\"@context\":\"https:\/\/schema.org\",\"@graph\":[{\"@type\":\"WebPage\",\"@id\":\"https:\/\/faceafacemontreal.org\/fr\/mission-2\/\",\"url\":\"https:\/\/faceafacemontreal.org\/fr\/mission-2\/\",\"name\":\"Mission - Face \u00e0 Face Montreal\",\"isPartOf\":{\"@id\":\"https:\/\/faceafacemontreal.org\/fr\/#website\"},\"datePublished\":\"2014-03-30T15:33:11+00:00\",\"dateModified\":\"2024-05-17T01:42:37+00:00\",\"breadcrumb\":{\"@id\":\"https:\/\/faceafacemontreal.org\/fr\/mission-2\/#breadcrumb\"},\"inLanguage\":\"fr-FR\",\"potentialAction\":[{\"@type\":\"ReadAction\",\"target\":[\"https:\/\/faceafacemontreal.org\/fr\/mission-2\/\"]}]},{\"@type\":\"BreadcrumbList\",\"@id\":\"https:\/\/faceafacemontreal.org\/fr\/mission-2\/#breadcrumb\",\"itemListElement\":[{\"@type\":\"ListItem\",\"position\":1,\"name\":\"Home\",\"item\":\"https:\/\/faceafacemontreal.org\/fr\/accueil\/\"},{\"@type\":\"ListItem\",\"position\":2,\"name\":\"Mission\"}]},{\"@type\":\"WebSite\",\"@id\":\"https:\/\/faceafacemontreal.org\/fr\/#website\",\"url\":\"https:\/\/faceafacemontreal.org\/fr\/\",\"name\":\"Face \u00e0 Face Montreal\",\"description\":\"Centre d\u2019\u00e9coute et d\u2019intervention\",\"potentialAction\":[{\"@type\":\"SearchAction\",\"target\":{\"@type\":\"EntryPoint\",\"urlTemplate\":\"https:\/\/faceafacemontreal.org\/fr\/?s={search_term_string}\"},\"query-input\":{\"@type\":\"PropertyValueSpecification\",\"valueRequired\":true,\"valueName\":\"search_term_string\"}}],\"inLanguage\":\"fr-FR\"}]}<\/script>\n<!-- \/ Yoast SEO plugin. -->","yoast_head_json":{"title":"Mission - Face \u00e0 Face Montreal","robots":{"index":"index","follow":"follow","max-snippet":"max-snippet:-1","max-image-preview":"max-image-preview:large","max-video-preview":"max-video-preview:-1"},"canonical":"https:\/\/faceafacemontreal.org\/fr\/mission-2\/","og_locale":"fr_FR","og_type":"article","og_title":"Mission - Face \u00e0 Face Montreal","og_url":"https:\/\/faceafacemontreal.org\/fr\/mission-2\/","og_site_name":"Face \u00e0 Face Montreal","article_modified_time":"2024-05-17T01:42:37+00:00","twitter_misc":{"Dur\u00e9e de lecture estim\u00e9e":"2 minutes"},"schema":{"@context":"https:\/\/schema.org","@graph":[{"@type":"WebPage","@id":"https:\/\/faceafacemontreal.org\/fr\/mission-2\/","url":"https:\/\/faceafacemontreal.org\/fr\/mission-2\/","name":"Mission - Face \u00e0 Face Montreal","isPartOf":{"@id":"https:\/\/faceafacemontreal.org\/fr\/#website"},"datePublished":"2014-03-30T15:33:11+00:00","dateModified":"2024-05-17T01:42:37+00:00","breadcrumb":{"@id":"https:\/\/faceafacemontreal.org\/fr\/mission-2\/#breadcrumb"},"inLanguage":"fr-FR","potentialAction":[{"@type":"ReadAction","target":["https:\/\/faceafacemontreal.org\/fr\/mission-2\/"]}]},{"@type":"BreadcrumbList","@id":"https:\/\/faceafacemontreal.org\/fr\/mission-2\/#breadcrumb","itemListElement":[{"@type":"ListItem","position":1,"name":"Home","item":"https:\/\/faceafacemontreal.org\/fr\/accueil\/"},{"@type":"ListItem","position":2,"name":"Mission"}]},{"@type":"WebSite","@id":"https:\/\/faceafacemontreal.org\/fr\/#website","url":"https:\/\/faceafacemontreal.org\/fr\/","name":"Face \u00e0 Face Montreal","description":"Centre d\u2019\u00e9coute et d\u2019intervention","potentialAction":[{"@type":"SearchAction","target":{"@type":"EntryPoint","urlTemplate":"https:\/\/faceafacemontreal.org\/fr\/?s={search_term_string}"},"query-input":{"@type":"PropertyValueSpecification","valueRequired":true,"valueName":"search_term_string"}}],"inLanguage":"fr-FR"}]}},"_links":{"self":[{"href":"https:\/\/faceafacemontreal.org\/fr\/wp-json\/wp\/v2\/pages\/296","targetHints":{"allow":["GET"]}}],"collection":[{"href":"https:\/\/faceafacemontreal.org\/fr\/wp-json\/wp\/v2\/pages"}],"about":[{"href":"https:\/\/faceafacemontreal.org\/fr\/wp-json\/wp\/v2\/types\/page"}],"author":[{"embeddable":true,"href":"https:\/\/faceafacemontreal.org\/fr\/wp-json\/wp\/v2\/users\/9"}],"replies":[{"embeddable":true,"href":"https:\/\/faceafacemontreal.org\/fr\/wp-json\/wp\/v2\/comments?post=296"}],"version-history":[{"count":15,"href":"https:\/\/faceafacemontreal.org\/fr\/wp-json\/wp\/v2\/pages\/296\/revisions"}],"predecessor-version":[{"id":3177,"href":"https:\/\/faceafacemontreal.org\/fr\/wp-json\/wp\/v2\/pages\/296\/revisions\/3177"}],"wp:attachment":[{"href":"https:\/\/faceafacemontreal.org\/fr\/wp-json\/wp\/v2\/media?parent=296"}],"curies":[{"name":"wp","href":"https:\/\/api.w.org\/{rel}","templated":true}]}}