{"id":2797,"date":"2021-07-09T12:41:54","date_gmt":"2021-07-09T16:41:54","guid":{"rendered":"https:\/\/faceafacemontreal.org\/?page_id=2797"},"modified":"2022-02-16T13:42:32","modified_gmt":"2022-02-16T18:42:32","slug":"useful-resources","status":"publish","type":"page","link":"https:\/\/faceafacemontreal.org\/fr\/useful-resources\/","title":{"rendered":"Useful Resources"},"content":{"rendered":"\n<p><strong>Social Housing<\/strong><\/p>\n\n\n\n<p><strong>Logement Social<\/strong><\/p>\n\n\n\n<ul class=\"wp-block-list\"><li>Office municipal d\u2019habitation de Montr\u00e9al (OMHM)<\/li><\/ul>\n\n\n\n<p>           <a href=\"https:\/\/www.omhm.qc.ca\">https:\/\/www.omhm.qc.ca<\/a><\/p>\n\n\n\n<ul class=\"wp-block-list\"><li>F\u00e9d\u00e9ration des OSBL d\u2019habitation de Montr\u00e9al <br><br>      <a href=\"https:\/\/fohm.org \">https:\/\/fohm.org<\/a><\/li><\/ul>\n\n\n\n<ul class=\"wp-block-list\"><li>F\u00e9d\u00e9ration de l\u2019habitation coop\u00e9rative du Qu\u00e9bec (FHCQ FECHIMM)<\/li><\/ul>\n\n\n\n<p>           <a href=\"https:\/\/fechimm.coop\">https:\/\/fechimm.coop<\/a><\/p>\n\n\n\n<p><strong>Welfare \/ Aide Sociale<\/strong><\/p>\n\n\n\n<ul class=\"wp-block-list\"><li>Gouvernement du Qu\u00e9bec: Programme d\u2019aide sociale et programme de solidarit\u00e9 sociale<\/li><\/ul>\n\n\n\n<p>           <a href=\"https:\/\/www.quebec.ca\/famille-et-soutien-aux-personnes\/aide-financiere\/aide-sociale-et-solidarite-sociale\">https:\/\/www.quebec.ca\/famille-et-soutien-aux-personnes\/aide-financiere\/aide-sociale-et-solidarite-sociale<\/a><\/p>\n\n\n\n<ul class=\"wp-block-list\"><li>Gouvernement du Qu\u00e9bec: Trouver un centre local d\u2019emploi (CLE) ou un bureau de Services Qu\u00e9bec<\/li><\/ul>\n\n\n\n<p>           <a href=\"https:\/\/www.quebec.ca\/emploi\/conseils-en-recherche-demploi\/trouver-un-centre-local-demploi-cle-ou-un-bureau-de-services-quebec\">https:\/\/www.quebec.ca\/emploi\/conseils-en-recherche-demploi\/trouver-un-centre-local-demploi-cle-ou-un-bureau-de-services-quebec<\/a><\/p>\n\n\n\n<ul class=\"wp-block-list\"><li>CLE: Plateau-Mont-Royal<\/li><\/ul>\n\n\n\n<p>            5105 Gaspe Ave, Montreal, Quebec H2T 0A1<\/p>\n\n\n\n<p>            (514) 872-4922<\/p>\n\n\n\n<ul class=\"wp-block-list\"><li>CLE: Rosemont-Petite-Patrie<\/li><\/ul>\n\n\n\n<p>            5656 Rue D&#8217;Iberville, Montr\u00e9al, Quebec H2G 2B3<\/p>\n\n\n\n<p>            (514) 872-6550<\/p>\n\n\n\n<ul class=\"wp-block-list\"><li>CLE: Parc-Extension<\/li><\/ul>\n\n\n\n<p>            7077 Park Ave, Montreal, Quebec H3N 1X7<\/p>\n\n\n\n<p>            (514) 872-3188<\/p>\n\n\n\n<ul class=\"wp-block-list\"><li>CLE: Verdun<\/li><\/ul>\n\n\n\n<p>            1055 rue Galt, Montr\u00e9al, Quebec H4G 2R1<\/p>\n\n\n\n<p>            (514) 864-6646<\/p>\n\n\n\n<ul class=\"wp-block-list\"><li>CLE: Hochelaga-Maisonneuve<\/li><\/ul>\n\n\n\n<p>            4427 rue de Rouen, Montr\u00e9al, Quebec H1V 1H1<\/p>\n\n\n\n<p>            (514) 872-3100<\/p>\n\n\n\n<ul class=\"wp-block-list\"><li>CLE: Centre de Services Sp\u00e9cialis\u00e9s du Centre-Ville de Montr\u00e9al<\/li><\/ul>\n\n\n\n<p>            1004 Saint-Antoine St W, Montreal, Quebec H3C 3R7<\/p>\n\n\n\n<p>            (514) 872-4310<\/p>\n\n\n\n<p><strong>Crisis Centres<\/strong> \/ <strong>Centres de Crise<\/strong><\/p>\n\n\n\n<ul class=\"wp-block-list\"><li>Association Iris<\/li><\/ul>\n\n\n\n<p>           (514) 388-9233<\/p>\n\n\n\n<ul class=\"wp-block-list\"><li>Centre L\u2019Autre Maison<\/li><\/ul>\n\n\n\n<p>           (514) 768-7225<\/p>\n\n\n\n<ul class=\"wp-block-list\"><li>\u00c9quipe Mobile de Crise R\u00e9solution<\/li><\/ul>\n\n\n\n<p>           (514) 351-9592<\/p>\n\n\n\n<ul class=\"wp-block-list\"><li>Centre d\u2019Intervention de Crise L\u2019Appoint<\/li><\/ul>\n\n\n\n<p>           (514) 351-6661<\/p>\n\n\n\n<ul class=\"wp-block-list\"><li>Centre de Crise Le Transit<\/li><\/ul>\n\n\n\n<p>           (514) 282-7753<\/p>\n\n\n\n<ul class=\"wp-block-list\"><li>West Island Crisis Centre<\/li><\/ul>\n\n\n\n<p>           (514) 684-6160<\/p>\n\n\n\n<p><strong>Other<\/strong> \/ <strong>Autres<\/strong><\/p>\n\n\n\n<ul class=\"wp-block-list\"><li>Suicide Action Montr\u00e9al<\/li><\/ul>\n\n\n\n<p>           1 866 277-3553<\/p>\n\n\n\n<p>           (514) 723-4000<\/p>\n\n\n\n<ul class=\"wp-block-list\"><li>Tel-Aide<\/li><\/ul>\n\n\n\n<p>           (514) 935-1101<\/p>\n","protected":false},"excerpt":{"rendered":"<p>Social Housing Logement Social Office municipal d\u2019habitation de Montr\u00e9al (OMHM) https:\/\/www.omhm.qc.ca F\u00e9d\u00e9ration des OSBL d\u2019habitation de Montr\u00e9al https:\/\/fohm.org F\u00e9d\u00e9ration de l\u2019habitation coop\u00e9rative du Qu\u00e9bec (FHCQ FECHIMM) https:\/\/fechimm.coop Welfare \/ Aide Sociale Gouvernement du Qu\u00e9bec: Programme d\u2019aide sociale et programme de solidarit\u00e9 sociale https:\/\/www.quebec.ca\/famille-et-soutien-aux-personnes\/aide-financiere\/aide-sociale-et-solidarite-sociale Gouvernement du Qu\u00e9bec: Trouver un centre local d\u2019emploi (CLE) ou un bureau [&hellip;]<\/p>\n","protected":false},"author":20,"featured_media":0,"parent":0,"menu_order":0,"comment_status":"closed","ping_status":"closed","template":"","meta":{"footnotes":""},"class_list":["post-2797","page","type-page","status-publish","hentry"],"yoast_head":"<!-- This site is optimized with the Yoast SEO plugin v26.9 - https:\/\/yoast.com\/product\/yoast-seo-wordpress\/ -->\n<title>Useful Resources - Face \u00e0 Face Montreal<\/title>\n<meta name=\"robots\" content=\"index, follow, max-snippet:-1, max-image-preview:large, max-video-preview:-1\" \/>\n<link rel=\"canonical\" href=\"https:\/\/faceafacemontreal.org\/fr\/useful-resources\/\" \/>\n<meta property=\"og:locale\" content=\"fr_FR\" \/>\n<meta property=\"og:type\" content=\"article\" \/>\n<meta property=\"og:title\" content=\"Useful Resources - Face \u00e0 Face Montreal\" \/>\n<meta property=\"og:description\" content=\"Social Housing Logement Social Office municipal d\u2019habitation de Montr\u00e9al (OMHM) https:\/\/www.omhm.qc.ca F\u00e9d\u00e9ration des OSBL d\u2019habitation de Montr\u00e9al https:\/\/fohm.org F\u00e9d\u00e9ration de l\u2019habitation coop\u00e9rative du Qu\u00e9bec (FHCQ FECHIMM) https:\/\/fechimm.coop Welfare \/ Aide Sociale Gouvernement du Qu\u00e9bec: Programme d\u2019aide sociale et programme de solidarit\u00e9 sociale https:\/\/www.quebec.ca\/famille-et-soutien-aux-personnes\/aide-financiere\/aide-sociale-et-solidarite-sociale Gouvernement du Qu\u00e9bec: Trouver un centre local d\u2019emploi (CLE) ou un bureau [&hellip;]\" \/>\n<meta property=\"og:url\" content=\"https:\/\/faceafacemontreal.org\/fr\/useful-resources\/\" \/>\n<meta property=\"og:site_name\" content=\"Face \u00e0 Face Montreal\" \/>\n<meta property=\"article:modified_time\" content=\"2022-02-16T18:42:32+00:00\" \/>\n<meta name=\"twitter:label1\" content=\"Dur\u00e9e de lecture estim\u00e9e\" \/>\n\t<meta name=\"twitter:data1\" content=\"1 minute\" \/>\n<script type=\"application\/ld+json\" class=\"yoast-schema-graph\">{\"@context\":\"https:\/\/schema.org\",\"@graph\":[{\"@type\":\"WebPage\",\"@id\":\"https:\/\/faceafacemontreal.org\/fr\/useful-resources\/\",\"url\":\"https:\/\/faceafacemontreal.org\/fr\/useful-resources\/\",\"name\":\"Useful Resources - Face \u00e0 Face Montreal\",\"isPartOf\":{\"@id\":\"https:\/\/faceafacemontreal.org\/fr\/#website\"},\"datePublished\":\"2021-07-09T16:41:54+00:00\",\"dateModified\":\"2022-02-16T18:42:32+00:00\",\"breadcrumb\":{\"@id\":\"https:\/\/faceafacemontreal.org\/fr\/useful-resources\/#breadcrumb\"},\"inLanguage\":\"fr-FR\",\"potentialAction\":[{\"@type\":\"ReadAction\",\"target\":[\"https:\/\/faceafacemontreal.org\/fr\/useful-resources\/\"]}]},{\"@type\":\"BreadcrumbList\",\"@id\":\"https:\/\/faceafacemontreal.org\/fr\/useful-resources\/#breadcrumb\",\"itemListElement\":[{\"@type\":\"ListItem\",\"position\":1,\"name\":\"Home\",\"item\":\"https:\/\/faceafacemontreal.org\/fr\/accueil\/\"},{\"@type\":\"ListItem\",\"position\":2,\"name\":\"Useful Resources\"}]},{\"@type\":\"WebSite\",\"@id\":\"https:\/\/faceafacemontreal.org\/fr\/#website\",\"url\":\"https:\/\/faceafacemontreal.org\/fr\/\",\"name\":\"Face \u00e0 Face Montreal\",\"description\":\"Centre d\u2019\u00e9coute et d\u2019intervention\",\"potentialAction\":[{\"@type\":\"SearchAction\",\"target\":{\"@type\":\"EntryPoint\",\"urlTemplate\":\"https:\/\/faceafacemontreal.org\/fr\/?s={search_term_string}\"},\"query-input\":{\"@type\":\"PropertyValueSpecification\",\"valueRequired\":true,\"valueName\":\"search_term_string\"}}],\"inLanguage\":\"fr-FR\"}]}<\/script>\n<!-- \/ Yoast SEO plugin. -->","yoast_head_json":{"title":"Useful Resources - Face \u00e0 Face Montreal","robots":{"index":"index","follow":"follow","max-snippet":"max-snippet:-1","max-image-preview":"max-image-preview:large","max-video-preview":"max-video-preview:-1"},"canonical":"https:\/\/faceafacemontreal.org\/fr\/useful-resources\/","og_locale":"fr_FR","og_type":"article","og_title":"Useful Resources - Face \u00e0 Face Montreal","og_description":"Social Housing Logement Social Office municipal d\u2019habitation de Montr\u00e9al (OMHM) https:\/\/www.omhm.qc.ca F\u00e9d\u00e9ration des OSBL d\u2019habitation de Montr\u00e9al https:\/\/fohm.org F\u00e9d\u00e9ration de l\u2019habitation coop\u00e9rative du Qu\u00e9bec (FHCQ FECHIMM) https:\/\/fechimm.coop Welfare \/ Aide Sociale Gouvernement du Qu\u00e9bec: Programme d\u2019aide sociale et programme de solidarit\u00e9 sociale https:\/\/www.quebec.ca\/famille-et-soutien-aux-personnes\/aide-financiere\/aide-sociale-et-solidarite-sociale Gouvernement du Qu\u00e9bec: Trouver un centre local d\u2019emploi (CLE) ou un bureau [&hellip;]","og_url":"https:\/\/faceafacemontreal.org\/fr\/useful-resources\/","og_site_name":"Face \u00e0 Face Montreal","article_modified_time":"2022-02-16T18:42:32+00:00","twitter_misc":{"Dur\u00e9e de lecture estim\u00e9e":"1 minute"},"schema":{"@context":"https:\/\/schema.org","@graph":[{"@type":"WebPage","@id":"https:\/\/faceafacemontreal.org\/fr\/useful-resources\/","url":"https:\/\/faceafacemontreal.org\/fr\/useful-resources\/","name":"Useful Resources - Face \u00e0 Face Montreal","isPartOf":{"@id":"https:\/\/faceafacemontreal.org\/fr\/#website"},"datePublished":"2021-07-09T16:41:54+00:00","dateModified":"2022-02-16T18:42:32+00:00","breadcrumb":{"@id":"https:\/\/faceafacemontreal.org\/fr\/useful-resources\/#breadcrumb"},"inLanguage":"fr-FR","potentialAction":[{"@type":"ReadAction","target":["https:\/\/faceafacemontreal.org\/fr\/useful-resources\/"]}]},{"@type":"BreadcrumbList","@id":"https:\/\/faceafacemontreal.org\/fr\/useful-resources\/#breadcrumb","itemListElement":[{"@type":"ListItem","position":1,"name":"Home","item":"https:\/\/faceafacemontreal.org\/fr\/accueil\/"},{"@type":"ListItem","position":2,"name":"Useful Resources"}]},{"@type":"WebSite","@id":"https:\/\/faceafacemontreal.org\/fr\/#website","url":"https:\/\/faceafacemontreal.org\/fr\/","name":"Face \u00e0 Face Montreal","description":"Centre d\u2019\u00e9coute et d\u2019intervention","potentialAction":[{"@type":"SearchAction","target":{"@type":"EntryPoint","urlTemplate":"https:\/\/faceafacemontreal.org\/fr\/?s={search_term_string}"},"query-input":{"@type":"PropertyValueSpecification","valueRequired":true,"valueName":"search_term_string"}}],"inLanguage":"fr-FR"}]}},"_links":{"self":[{"href":"https:\/\/faceafacemontreal.org\/fr\/wp-json\/wp\/v2\/pages\/2797","targetHints":{"allow":["GET"]}}],"collection":[{"href":"https:\/\/faceafacemontreal.org\/fr\/wp-json\/wp\/v2\/pages"}],"about":[{"href":"https:\/\/faceafacemontreal.org\/fr\/wp-json\/wp\/v2\/types\/page"}],"author":[{"embeddable":true,"href":"https:\/\/faceafacemontreal.org\/fr\/wp-json\/wp\/v2\/users\/20"}],"replies":[{"embeddable":true,"href":"https:\/\/faceafacemontreal.org\/fr\/wp-json\/wp\/v2\/comments?post=2797"}],"version-history":[{"count":4,"href":"https:\/\/faceafacemontreal.org\/fr\/wp-json\/wp\/v2\/pages\/2797\/revisions"}],"predecessor-version":[{"id":2849,"href":"https:\/\/faceafacemontreal.org\/fr\/wp-json\/wp\/v2\/pages\/2797\/revisions\/2849"}],"wp:attachment":[{"href":"https:\/\/faceafacemontreal.org\/fr\/wp-json\/wp\/v2\/media?parent=2797"}],"curies":[{"name":"wp","href":"https:\/\/api.w.org\/{rel}","templated":true}]}}